{"id":726,"date":"2018-11-21T14:24:54","date_gmt":"2018-11-21T13:24:54","guid":{"rendered":"https:\/\/www.ergodesign.nl\/?page_id=726"},"modified":"2018-12-05T15:53:04","modified_gmt":"2018-12-05T14:53:04","slug":"masterplan","status":"publish","type":"page","link":"https:\/\/www.ergodesign.nl\/de\/site\/masterplan\/","title":{"rendered":"Masterplan"},"content":{"rendered":"<h1><img decoding=\"async\" class=\"size-medium wp-image-249 alignleft\" src=\"https:\/\/www.ergodesign.nl\/wp-content\/uploads\/2018\/11\/Masterplan-300x225.png\" alt=\"Produktions-Masterplan\" width=\"300\" height=\"225\" srcset=\"https:\/\/www.ergodesign.nl\/wp-content\/uploads\/2018\/11\/Masterplan-300x225.png 300w, https:\/\/www.ergodesign.nl\/wp-content\/uploads\/2018\/11\/Masterplan.png 324w\" sizes=\"(max-width: 300px) 100vw, 300px\" \/>Produktions-Masterplan<\/h1>\n<p>&#8222;Wo m\u00f6chten Sie mit Ihrem Unternehmen in 5 Jahren stehen? M\u00f6chten Sie expandieren, Neubau, oder sich verkleinern?&#8216; Nicht gerade Alltagsfragen, die f\u00fcr viele schwierig zu beantworten sind. Die Erarbeitung eines Produktions-Masterplans (PMP) ist unser Tagesgesch\u00e4ft, bei dem wir Sie unterst\u00fctzen k\u00f6nnen. Sie werden herausgefordert, \u00fcber Ihre Produktionspolitik f\u00fcr die kommenden f\u00fcnf Jahre nachzudenken. Auf Grundlage Ihres Gesch\u00e4ftsplans, Ihrer Produktionsvision (siehe auch Lean), Ihrer Produktentwicklung und Ihrer Umsatzprognosen werden wichtige Entscheidungen in folgenden Bereichen getroffen:<\/p>\n<p>\u2022 Produktions- und Logistikkonzept der Wertsch\u00f6pfungskette<br \/>\n\u2022 Layout und Materialfluss (siehe auch Fabrikplanung<br \/>\n\u2022 P\u00fcnktliche Skalierung und Migration<br \/>\n\u2022 Investitionen<br \/>\n\u2022 Produktionsorganisation<\/p>\n<h2>Eine verbesserte Flie\u00df als Ausgangspunkt<\/h2>\n<p>Der PMP ist daher eine wichtige Richtlinie in einer koh\u00e4renten, geplanten Produktionsentwicklung. Was hei\u00dft das f\u00fcr Sie? Besserer Fluss mit k\u00fcrzerer Durchlaufzeit, gesteigerte Liefertreue und verbesserte Qualit\u00e4t bei niedrigeren Kosten.Ergo-Design hat umfassende Erfahrung bei der Erarbeitung von Produktions-Masterpl\u00e4nen und der Durchf\u00fchrung von Durchf\u00fchrbarkeitsstudien f\u00fcr Layout und Logistik in verschiedenen Branchen. Zu unseren Referenzen z\u00e4hlen unter anderem Scania Trucks, DAF Trucks, Aldipress, BOSCH Nefit, BOSCH Transmission Technology, DORC, Enrichment Technology, Mars Masterfoods, Nefit Industrial, Philips, Unipro. Kurz gesagt: ein gro\u00dfes Spektrum von Projekterfahrung, Wissen um Verfahren und ein Ansatz, bei dem Wissen und Erfahrung des Kunden optimal integriert werde<\/p>\n<p>Kontaktieren Sie uns f\u00fcr professionelle Unterst\u00fctzung bei der Erstellung Ihres Produktions-Masterplans.<\/p>\n","protected":false},"excerpt":{"rendered":"<p>Produktions-Masterplan &#8222;Wo m\u00f6chten Sie mit Ihrem Unternehmen in 5 Jahren [&hellip;]<\/p>\n","protected":false},"author":1,"featured_media":251,"parent":691,"menu_order":0,"comment_status":"closed","ping_status":"closed","template":"","meta":{"footnotes":""},"class_list":["post-726","page","type-page","status-publish","has-post-thumbnail","hentry"],"yoast_head":"<!-- This site is optimized with the Yoast SEO plugin v27.5 - https:\/\/yoast.com\/product\/yoast-seo-wordpress\/ -->\n<title>Ein Produktions-Masterplan machen?<\/title>\n<meta name=\"description\" content=\"Ein Produktions-Masterplan ist daher eine wichtige Richtlinie in einer koh\u00e4renten, geplanten Produktionsentwicklung.\" \/>\n<meta name=\"robots\" content=\"index, follow, max-snippet:-1, max-image-preview:large, max-video-preview:-1\" \/>\n<link rel=\"canonical\" href=\"https:\/\/www.ergodesign.nl\/de\/site\/masterplan\/\" \/>\n<meta property=\"og:locale\" content=\"de_DE\" \/>\n<meta property=\"og:type\" content=\"article\" \/>\n<meta property=\"og:title\" content=\"Ein Produktions-Masterplan machen?\" \/>\n<meta property=\"og:description\" content=\"Ein Produktions-Masterplan ist daher eine wichtige Richtlinie in einer koh\u00e4renten, geplanten Produktionsentwicklung.\" \/>\n<meta property=\"og:url\" content=\"https:\/\/www.ergodesign.nl\/de\/site\/masterplan\/\" \/>\n<meta property=\"og:site_name\" content=\"Ergo Design\" \/>\n<meta property=\"article:modified_time\" content=\"2018-12-05T14:53:04+00:00\" \/>\n<meta property=\"og:image\" content=\"https:\/\/www.ergodesign.nl\/wp-content\/uploads\/2018\/11\/Masterplan.png\" \/>\n\t<meta property=\"og:image:width\" content=\"324\" \/>\n\t<meta property=\"og:image:height\" content=\"243\" \/>\n\t<meta property=\"og:image:type\" content=\"image\/png\" \/>\n<meta name=\"twitter:card\" content=\"summary_large_image\" \/>\n<meta name=\"twitter:label1\" content=\"Gesch\u00e4tzte Lesezeit\" \/>\n\t<meta name=\"twitter:data1\" content=\"1\u00a0Minute\" \/>\n<script type=\"application\/ld+json\" class=\"yoast-schema-graph\">{\"@context\":\"https:\\\/\\\/schema.org\",\"@graph\":[{\"@type\":\"WebPage\",\"@id\":\"https:\\\/\\\/www.ergodesign.nl\\\/de\\\/site\\\/masterplan\\\/\",\"url\":\"https:\\\/\\\/www.ergodesign.nl\\\/de\\\/site\\\/masterplan\\\/\",\"name\":\"Ein Produktions-Masterplan machen?\",\"isPartOf\":{\"@id\":\"https:\\\/\\\/www.ergodesign.nl\\\/de\\\/#website\"},\"primaryImageOfPage\":{\"@id\":\"https:\\\/\\\/www.ergodesign.nl\\\/de\\\/site\\\/masterplan\\\/#primaryimage\"},\"image\":{\"@id\":\"https:\\\/\\\/www.ergodesign.nl\\\/de\\\/site\\\/masterplan\\\/#primaryimage\"},\"thumbnailUrl\":\"https:\\\/\\\/www.ergodesign.nl\\\/wp-content\\\/uploads\\\/2018\\\/11\\\/Masterplan.png\",\"datePublished\":\"2018-11-21T13:24:54+00:00\",\"dateModified\":\"2018-12-05T14:53:04+00:00\",\"description\":\"Ein Produktions-Masterplan ist daher eine wichtige Richtlinie in einer koh\u00e4renten, geplanten Produktionsentwicklung.\",\"breadcrumb\":{\"@id\":\"https:\\\/\\\/www.ergodesign.nl\\\/de\\\/site\\\/masterplan\\\/#breadcrumb\"},\"inLanguage\":\"de\",\"potentialAction\":[{\"@type\":\"ReadAction\",\"target\":[\"https:\\\/\\\/www.ergodesign.nl\\\/de\\\/site\\\/masterplan\\\/\"]}]},{\"@type\":\"ImageObject\",\"inLanguage\":\"de\",\"@id\":\"https:\\\/\\\/www.ergodesign.nl\\\/de\\\/site\\\/masterplan\\\/#primaryimage\",\"url\":\"https:\\\/\\\/www.ergodesign.nl\\\/wp-content\\\/uploads\\\/2018\\\/11\\\/Masterplan.png\",\"contentUrl\":\"https:\\\/\\\/www.ergodesign.nl\\\/wp-content\\\/uploads\\\/2018\\\/11\\\/Masterplan.png\",\"width\":324,\"height\":243,\"caption\":\"Masterplan\"},{\"@type\":\"BreadcrumbList\",\"@id\":\"https:\\\/\\\/www.ergodesign.nl\\\/de\\\/site\\\/masterplan\\\/#breadcrumb\",\"itemListElement\":[{\"@type\":\"ListItem\",\"position\":1,\"name\":\"Home\",\"item\":\"https:\\\/\\\/www.ergodesign.nl\\\/de\\\/\"},{\"@type\":\"ListItem\",\"position\":2,\"name\":\"Site\",\"item\":\"https:\\\/\\\/www.ergodesign.nl\\\/de\\\/site\\\/\"},{\"@type\":\"ListItem\",\"position\":3,\"name\":\"Masterplan\"}]},{\"@type\":\"WebSite\",\"@id\":\"https:\\\/\\\/www.ergodesign.nl\\\/de\\\/#website\",\"url\":\"https:\\\/\\\/www.ergodesign.nl\\\/de\\\/\",\"name\":\"Ergo Design\",\"description\":\"logistieke simulatie\",\"publisher\":{\"@id\":\"https:\\\/\\\/www.ergodesign.nl\\\/de\\\/#organization\"},\"potentialAction\":[{\"@type\":\"SearchAction\",\"target\":{\"@type\":\"EntryPoint\",\"urlTemplate\":\"https:\\\/\\\/www.ergodesign.nl\\\/de\\\/?s={search_term_string}\"},\"query-input\":{\"@type\":\"PropertyValueSpecification\",\"valueRequired\":true,\"valueName\":\"search_term_string\"}}],\"inLanguage\":\"de\"},{\"@type\":\"Organization\",\"@id\":\"https:\\\/\\\/www.ergodesign.nl\\\/de\\\/#organization\",\"name\":\"Ergo Design\",\"url\":\"https:\\\/\\\/www.ergodesign.nl\\\/de\\\/\",\"logo\":{\"@type\":\"ImageObject\",\"inLanguage\":\"de\",\"@id\":\"https:\\\/\\\/www.ergodesign.nl\\\/de\\\/#\\\/schema\\\/logo\\\/image\\\/\",\"url\":\"https:\\\/\\\/www.ergodesign.nl\\\/wp-content\\\/uploads\\\/2023\\\/08\\\/cropped-new_logo-ergodesign-3.png\",\"contentUrl\":\"https:\\\/\\\/www.ergodesign.nl\\\/wp-content\\\/uploads\\\/2023\\\/08\\\/cropped-new_logo-ergodesign-3.png\",\"width\":200,\"height\":111,\"caption\":\"Ergo Design\"},\"image\":{\"@id\":\"https:\\\/\\\/www.ergodesign.nl\\\/de\\\/#\\\/schema\\\/logo\\\/image\\\/\"}}]}<\/script>\n<!-- \/ Yoast SEO plugin. -->","yoast_head_json":{"title":"Ein Produktions-Masterplan machen?","description":"Ein Produktions-Masterplan ist daher eine wichtige Richtlinie in einer koh\u00e4renten, geplanten Produktionsentwicklung.","robots":{"index":"index","follow":"follow","max-snippet":"max-snippet:-1","max-image-preview":"max-image-preview:large","max-video-preview":"max-video-preview:-1"},"canonical":"https:\/\/www.ergodesign.nl\/de\/site\/masterplan\/","og_locale":"de_DE","og_type":"article","og_title":"Ein Produktions-Masterplan machen?","og_description":"Ein Produktions-Masterplan ist daher eine wichtige Richtlinie in einer koh\u00e4renten, geplanten Produktionsentwicklung.","og_url":"https:\/\/www.ergodesign.nl\/de\/site\/masterplan\/","og_site_name":"Ergo Design","article_modified_time":"2018-12-05T14:53:04+00:00","og_image":[{"width":324,"height":243,"url":"https:\/\/www.ergodesign.nl\/wp-content\/uploads\/2018\/11\/Masterplan.png","type":"image\/png"}],"twitter_card":"summary_large_image","twitter_misc":{"Gesch\u00e4tzte Lesezeit":"1\u00a0Minute"},"schema":{"@context":"https:\/\/schema.org","@graph":[{"@type":"WebPage","@id":"https:\/\/www.ergodesign.nl\/de\/site\/masterplan\/","url":"https:\/\/www.ergodesign.nl\/de\/site\/masterplan\/","name":"Ein Produktions-Masterplan machen?","isPartOf":{"@id":"https:\/\/www.ergodesign.nl\/de\/#website"},"primaryImageOfPage":{"@id":"https:\/\/www.ergodesign.nl\/de\/site\/masterplan\/#primaryimage"},"image":{"@id":"https:\/\/www.ergodesign.nl\/de\/site\/masterplan\/#primaryimage"},"thumbnailUrl":"https:\/\/www.ergodesign.nl\/wp-content\/uploads\/2018\/11\/Masterplan.png","datePublished":"2018-11-21T13:24:54+00:00","dateModified":"2018-12-05T14:53:04+00:00","description":"Ein Produktions-Masterplan ist daher eine wichtige Richtlinie in einer koh\u00e4renten, geplanten Produktionsentwicklung.","breadcrumb":{"@id":"https:\/\/www.ergodesign.nl\/de\/site\/masterplan\/#breadcrumb"},"inLanguage":"de","potentialAction":[{"@type":"ReadAction","target":["https:\/\/www.ergodesign.nl\/de\/site\/masterplan\/"]}]},{"@type":"ImageObject","inLanguage":"de","@id":"https:\/\/www.ergodesign.nl\/de\/site\/masterplan\/#primaryimage","url":"https:\/\/www.ergodesign.nl\/wp-content\/uploads\/2018\/11\/Masterplan.png","contentUrl":"https:\/\/www.ergodesign.nl\/wp-content\/uploads\/2018\/11\/Masterplan.png","width":324,"height":243,"caption":"Masterplan"},{"@type":"BreadcrumbList","@id":"https:\/\/www.ergodesign.nl\/de\/site\/masterplan\/#breadcrumb","itemListElement":[{"@type":"ListItem","position":1,"name":"Home","item":"https:\/\/www.ergodesign.nl\/de\/"},{"@type":"ListItem","position":2,"name":"Site","item":"https:\/\/www.ergodesign.nl\/de\/site\/"},{"@type":"ListItem","position":3,"name":"Masterplan"}]},{"@type":"WebSite","@id":"https:\/\/www.ergodesign.nl\/de\/#website","url":"https:\/\/www.ergodesign.nl\/de\/","name":"Ergo Design","description":"logistieke simulatie","publisher":{"@id":"https:\/\/www.ergodesign.nl\/de\/#organization"},"potentialAction":[{"@type":"SearchAction","target":{"@type":"EntryPoint","urlTemplate":"https:\/\/www.ergodesign.nl\/de\/?s={search_term_string}"},"query-input":{"@type":"PropertyValueSpecification","valueRequired":true,"valueName":"search_term_string"}}],"inLanguage":"de"},{"@type":"Organization","@id":"https:\/\/www.ergodesign.nl\/de\/#organization","name":"Ergo Design","url":"https:\/\/www.ergodesign.nl\/de\/","logo":{"@type":"ImageObject","inLanguage":"de","@id":"https:\/\/www.ergodesign.nl\/de\/#\/schema\/logo\/image\/","url":"https:\/\/www.ergodesign.nl\/wp-content\/uploads\/2023\/08\/cropped-new_logo-ergodesign-3.png","contentUrl":"https:\/\/www.ergodesign.nl\/wp-content\/uploads\/2023\/08\/cropped-new_logo-ergodesign-3.png","width":200,"height":111,"caption":"Ergo Design"},"image":{"@id":"https:\/\/www.ergodesign.nl\/de\/#\/schema\/logo\/image\/"}}]}},"_links":{"self":[{"href":"https:\/\/www.ergodesign.nl\/de\/wp-json\/wp\/v2\/pages\/726","targetHints":{"allow":["GET"]}}],"collection":[{"href":"https:\/\/www.ergodesign.nl\/de\/wp-json\/wp\/v2\/pages"}],"about":[{"href":"https:\/\/www.ergodesign.nl\/de\/wp-json\/wp\/v2\/types\/page"}],"author":[{"embeddable":true,"href":"https:\/\/www.ergodesign.nl\/de\/wp-json\/wp\/v2\/users\/1"}],"replies":[{"embeddable":true,"href":"https:\/\/www.ergodesign.nl\/de\/wp-json\/wp\/v2\/comments?post=726"}],"version-history":[{"count":0,"href":"https:\/\/www.ergodesign.nl\/de\/wp-json\/wp\/v2\/pages\/726\/revisions"}],"up":[{"embeddable":true,"href":"https:\/\/www.ergodesign.nl\/de\/wp-json\/wp\/v2\/pages\/691"}],"wp:featuredmedia":[{"embeddable":true,"href":"https:\/\/www.ergodesign.nl\/de\/wp-json\/wp\/v2\/media\/251"}],"wp:attachment":[{"href":"https:\/\/www.ergodesign.nl\/de\/wp-json\/wp\/v2\/media?parent=726"}],"curies":[{"name":"wp","href":"https:\/\/api.w.org\/{rel}","templated":true}]}}