{"id":698,"date":"2018-11-21T14:04:22","date_gmt":"2018-11-21T13:04:22","guid":{"rendered":"https:\/\/www.ergodesign.nl\/?page_id=698"},"modified":"2018-12-05T15:54:11","modified_gmt":"2018-12-05T14:54:11","slug":"logistics","status":"publish","type":"page","link":"https:\/\/www.ergodesign.nl\/de\/site\/logistics\/","title":{"rendered":"Logistik"},"content":{"rendered":"<h1><img decoding=\"async\" class=\"size-medium wp-image-271 alignleft\" src=\"https:\/\/www.ergodesign.nl\/wp-content\/uploads\/2018\/11\/Logistiek-300x225.jpg\" alt=\"Logistikkonzept\" width=\"300\" height=\"225\" srcset=\"https:\/\/www.ergodesign.nl\/wp-content\/uploads\/2018\/11\/Logistiek-300x225.jpg 300w, https:\/\/www.ergodesign.nl\/wp-content\/uploads\/2018\/11\/Logistiek.jpg 324w\" sizes=\"(max-width: 300px) 100vw, 300px\" \/>Logistikkonzept<\/h1>\n<p>&#8218;Immer mehr Produktvarianten, k\u00fcrzere Durchlaufzeit, steigende Komplexit\u00e4t, reduzierte Best\u00e4nde und Nachhaltigkeit&#8216;. Herausforderungen, die Ihnen hinsichtlich Ihres Logistikkonzepts vertraut sein werden. Die Verwaltung des Materialflusses in der Fabrik und in der weiteren Lieferkette ist das Gebiet, auf das sich unsere Logistikberatung konzentriert. Anhand einer Value Stream Map (VSM) legen wir mit dem Projektteam fest, wie die Lieferkette in der Realit\u00e4t aufgebaut ist und verwaltet wird (siehe auch Materialflusskontrolle, Produktion f\u00fcr KMUs). Der Schwerpunkt liegt immer auf Einfachheit und FLOW, unterst\u00fctzt durch LEAN-Prinzipien und eine Verwaltung, die so weit wie m\u00f6glich vor Ort durchgef\u00fchrt werden kann. Der Trick ist es, ERP unterst\u00fctzend anzuwenden, ohne daraus eine beschr\u00e4nkende Zwangsjacke wird.<\/p>\n<p>&nbsp;<\/p>\n<h2>Ergo-Design ist Ihre partner<\/h2>\n<p>Von der Zusammenf\u00fchrung von Lagerh\u00e4usern bis zur Implementierung von Kanbans am Arbeitsplatz ist Ergo-Design Ihr Partner, wenn es um die Optimierung Ihrer Logistikprozesse oder Lieferkette geht. Rufen Sie uns an f\u00fcr ein unverbindliches Gespr\u00e4ch.<\/p>\n","protected":false},"excerpt":{"rendered":"<p>Logistikkonzept &#8218;Immer mehr Produktvarianten, k\u00fcrzere Durchlaufzeit, steigende Komplexit\u00e4t, reduzierte Best\u00e4nde [&hellip;]<\/p>\n","protected":false},"author":1,"featured_media":273,"parent":691,"menu_order":0,"comment_status":"closed","ping_status":"closed","template":"","meta":{"footnotes":""},"class_list":["post-698","page","type-page","status-publish","has-post-thumbnail","hentry"],"yoast_head":"<!-- This site is optimized with the Yoast SEO plugin v27.4 - https:\/\/yoast.com\/product\/yoast-seo-wordpress\/ -->\n<title>Das Logistikkonzept bei Ergo Design<\/title>\n<meta name=\"description\" content=\"Von der Zusammenf\u00fchrung von Lagerh\u00e4usern bis zur Implementierung von Kanbans am Arbeitsplatz ist Ergo-Design Ihr Partner\" \/>\n<meta name=\"robots\" content=\"index, follow, max-snippet:-1, max-image-preview:large, max-video-preview:-1\" \/>\n<link rel=\"canonical\" href=\"https:\/\/www.ergodesign.nl\/de\/site\/logistics\/\" \/>\n<meta property=\"og:locale\" content=\"de_DE\" \/>\n<meta property=\"og:type\" content=\"article\" \/>\n<meta property=\"og:title\" content=\"Das Logistikkonzept bei Ergo Design\" \/>\n<meta property=\"og:description\" content=\"Von der Zusammenf\u00fchrung von Lagerh\u00e4usern bis zur Implementierung von Kanbans am Arbeitsplatz ist Ergo-Design Ihr Partner\" \/>\n<meta property=\"og:url\" content=\"https:\/\/www.ergodesign.nl\/de\/site\/logistics\/\" \/>\n<meta property=\"og:site_name\" content=\"Ergo Design\" \/>\n<meta property=\"article:modified_time\" content=\"2018-12-05T14:54:11+00:00\" \/>\n<meta property=\"og:image\" content=\"https:\/\/www.ergodesign.nl\/wp-content\/uploads\/2018\/11\/Logistiek.jpg\" \/>\n\t<meta property=\"og:image:width\" content=\"324\" \/>\n\t<meta property=\"og:image:height\" content=\"243\" \/>\n\t<meta property=\"og:image:type\" content=\"image\/jpeg\" \/>\n<meta name=\"twitter:card\" content=\"summary_large_image\" \/>\n<meta name=\"twitter:label1\" content=\"Gesch\u00e4tzte Lesezeit\" \/>\n\t<meta name=\"twitter:data1\" content=\"1\u00a0Minute\" \/>\n<script type=\"application\/ld+json\" class=\"yoast-schema-graph\">{\"@context\":\"https:\\\/\\\/schema.org\",\"@graph\":[{\"@type\":\"WebPage\",\"@id\":\"https:\\\/\\\/www.ergodesign.nl\\\/de\\\/site\\\/logistics\\\/\",\"url\":\"https:\\\/\\\/www.ergodesign.nl\\\/de\\\/site\\\/logistics\\\/\",\"name\":\"Das Logistikkonzept bei Ergo Design\",\"isPartOf\":{\"@id\":\"https:\\\/\\\/www.ergodesign.nl\\\/de\\\/#website\"},\"primaryImageOfPage\":{\"@id\":\"https:\\\/\\\/www.ergodesign.nl\\\/de\\\/site\\\/logistics\\\/#primaryimage\"},\"image\":{\"@id\":\"https:\\\/\\\/www.ergodesign.nl\\\/de\\\/site\\\/logistics\\\/#primaryimage\"},\"thumbnailUrl\":\"https:\\\/\\\/www.ergodesign.nl\\\/wp-content\\\/uploads\\\/2018\\\/11\\\/Logistiek.jpg\",\"datePublished\":\"2018-11-21T13:04:22+00:00\",\"dateModified\":\"2018-12-05T14:54:11+00:00\",\"description\":\"Von der Zusammenf\u00fchrung von Lagerh\u00e4usern bis zur Implementierung von Kanbans am Arbeitsplatz ist Ergo-Design Ihr Partner\",\"breadcrumb\":{\"@id\":\"https:\\\/\\\/www.ergodesign.nl\\\/de\\\/site\\\/logistics\\\/#breadcrumb\"},\"inLanguage\":\"de\",\"potentialAction\":[{\"@type\":\"ReadAction\",\"target\":[\"https:\\\/\\\/www.ergodesign.nl\\\/de\\\/site\\\/logistics\\\/\"]}]},{\"@type\":\"ImageObject\",\"inLanguage\":\"de\",\"@id\":\"https:\\\/\\\/www.ergodesign.nl\\\/de\\\/site\\\/logistics\\\/#primaryimage\",\"url\":\"https:\\\/\\\/www.ergodesign.nl\\\/wp-content\\\/uploads\\\/2018\\\/11\\\/Logistiek.jpg\",\"contentUrl\":\"https:\\\/\\\/www.ergodesign.nl\\\/wp-content\\\/uploads\\\/2018\\\/11\\\/Logistiek.jpg\",\"width\":324,\"height\":243,\"caption\":\"Logistiek concept\"},{\"@type\":\"BreadcrumbList\",\"@id\":\"https:\\\/\\\/www.ergodesign.nl\\\/de\\\/site\\\/logistics\\\/#breadcrumb\",\"itemListElement\":[{\"@type\":\"ListItem\",\"position\":1,\"name\":\"Home\",\"item\":\"https:\\\/\\\/www.ergodesign.nl\\\/de\\\/\"},{\"@type\":\"ListItem\",\"position\":2,\"name\":\"Site\",\"item\":\"https:\\\/\\\/www.ergodesign.nl\\\/de\\\/site\\\/\"},{\"@type\":\"ListItem\",\"position\":3,\"name\":\"Logistik\"}]},{\"@type\":\"WebSite\",\"@id\":\"https:\\\/\\\/www.ergodesign.nl\\\/de\\\/#website\",\"url\":\"https:\\\/\\\/www.ergodesign.nl\\\/de\\\/\",\"name\":\"Ergo Design\",\"description\":\"logistieke simulatie\",\"publisher\":{\"@id\":\"https:\\\/\\\/www.ergodesign.nl\\\/de\\\/#organization\"},\"potentialAction\":[{\"@type\":\"SearchAction\",\"target\":{\"@type\":\"EntryPoint\",\"urlTemplate\":\"https:\\\/\\\/www.ergodesign.nl\\\/de\\\/?s={search_term_string}\"},\"query-input\":{\"@type\":\"PropertyValueSpecification\",\"valueRequired\":true,\"valueName\":\"search_term_string\"}}],\"inLanguage\":\"de\"},{\"@type\":\"Organization\",\"@id\":\"https:\\\/\\\/www.ergodesign.nl\\\/de\\\/#organization\",\"name\":\"Ergo Design\",\"url\":\"https:\\\/\\\/www.ergodesign.nl\\\/de\\\/\",\"logo\":{\"@type\":\"ImageObject\",\"inLanguage\":\"de\",\"@id\":\"https:\\\/\\\/www.ergodesign.nl\\\/de\\\/#\\\/schema\\\/logo\\\/image\\\/\",\"url\":\"https:\\\/\\\/www.ergodesign.nl\\\/wp-content\\\/uploads\\\/2023\\\/08\\\/cropped-new_logo-ergodesign-3.png\",\"contentUrl\":\"https:\\\/\\\/www.ergodesign.nl\\\/wp-content\\\/uploads\\\/2023\\\/08\\\/cropped-new_logo-ergodesign-3.png\",\"width\":200,\"height\":111,\"caption\":\"Ergo Design\"},\"image\":{\"@id\":\"https:\\\/\\\/www.ergodesign.nl\\\/de\\\/#\\\/schema\\\/logo\\\/image\\\/\"}}]}<\/script>\n<!-- \/ Yoast SEO plugin. -->","yoast_head_json":{"title":"Das Logistikkonzept bei Ergo Design","description":"Von der Zusammenf\u00fchrung von Lagerh\u00e4usern bis zur Implementierung von Kanbans am Arbeitsplatz ist Ergo-Design Ihr Partner","robots":{"index":"index","follow":"follow","max-snippet":"max-snippet:-1","max-image-preview":"max-image-preview:large","max-video-preview":"max-video-preview:-1"},"canonical":"https:\/\/www.ergodesign.nl\/de\/site\/logistics\/","og_locale":"de_DE","og_type":"article","og_title":"Das Logistikkonzept bei Ergo Design","og_description":"Von der Zusammenf\u00fchrung von Lagerh\u00e4usern bis zur Implementierung von Kanbans am Arbeitsplatz ist Ergo-Design Ihr Partner","og_url":"https:\/\/www.ergodesign.nl\/de\/site\/logistics\/","og_site_name":"Ergo Design","article_modified_time":"2018-12-05T14:54:11+00:00","og_image":[{"width":324,"height":243,"url":"https:\/\/www.ergodesign.nl\/wp-content\/uploads\/2018\/11\/Logistiek.jpg","type":"image\/jpeg"}],"twitter_card":"summary_large_image","twitter_misc":{"Gesch\u00e4tzte Lesezeit":"1\u00a0Minute"},"schema":{"@context":"https:\/\/schema.org","@graph":[{"@type":"WebPage","@id":"https:\/\/www.ergodesign.nl\/de\/site\/logistics\/","url":"https:\/\/www.ergodesign.nl\/de\/site\/logistics\/","name":"Das Logistikkonzept bei Ergo Design","isPartOf":{"@id":"https:\/\/www.ergodesign.nl\/de\/#website"},"primaryImageOfPage":{"@id":"https:\/\/www.ergodesign.nl\/de\/site\/logistics\/#primaryimage"},"image":{"@id":"https:\/\/www.ergodesign.nl\/de\/site\/logistics\/#primaryimage"},"thumbnailUrl":"https:\/\/www.ergodesign.nl\/wp-content\/uploads\/2018\/11\/Logistiek.jpg","datePublished":"2018-11-21T13:04:22+00:00","dateModified":"2018-12-05T14:54:11+00:00","description":"Von der Zusammenf\u00fchrung von Lagerh\u00e4usern bis zur Implementierung von Kanbans am Arbeitsplatz ist Ergo-Design Ihr Partner","breadcrumb":{"@id":"https:\/\/www.ergodesign.nl\/de\/site\/logistics\/#breadcrumb"},"inLanguage":"de","potentialAction":[{"@type":"ReadAction","target":["https:\/\/www.ergodesign.nl\/de\/site\/logistics\/"]}]},{"@type":"ImageObject","inLanguage":"de","@id":"https:\/\/www.ergodesign.nl\/de\/site\/logistics\/#primaryimage","url":"https:\/\/www.ergodesign.nl\/wp-content\/uploads\/2018\/11\/Logistiek.jpg","contentUrl":"https:\/\/www.ergodesign.nl\/wp-content\/uploads\/2018\/11\/Logistiek.jpg","width":324,"height":243,"caption":"Logistiek concept"},{"@type":"BreadcrumbList","@id":"https:\/\/www.ergodesign.nl\/de\/site\/logistics\/#breadcrumb","itemListElement":[{"@type":"ListItem","position":1,"name":"Home","item":"https:\/\/www.ergodesign.nl\/de\/"},{"@type":"ListItem","position":2,"name":"Site","item":"https:\/\/www.ergodesign.nl\/de\/site\/"},{"@type":"ListItem","position":3,"name":"Logistik"}]},{"@type":"WebSite","@id":"https:\/\/www.ergodesign.nl\/de\/#website","url":"https:\/\/www.ergodesign.nl\/de\/","name":"Ergo Design","description":"logistieke simulatie","publisher":{"@id":"https:\/\/www.ergodesign.nl\/de\/#organization"},"potentialAction":[{"@type":"SearchAction","target":{"@type":"EntryPoint","urlTemplate":"https:\/\/www.ergodesign.nl\/de\/?s={search_term_string}"},"query-input":{"@type":"PropertyValueSpecification","valueRequired":true,"valueName":"search_term_string"}}],"inLanguage":"de"},{"@type":"Organization","@id":"https:\/\/www.ergodesign.nl\/de\/#organization","name":"Ergo Design","url":"https:\/\/www.ergodesign.nl\/de\/","logo":{"@type":"ImageObject","inLanguage":"de","@id":"https:\/\/www.ergodesign.nl\/de\/#\/schema\/logo\/image\/","url":"https:\/\/www.ergodesign.nl\/wp-content\/uploads\/2023\/08\/cropped-new_logo-ergodesign-3.png","contentUrl":"https:\/\/www.ergodesign.nl\/wp-content\/uploads\/2023\/08\/cropped-new_logo-ergodesign-3.png","width":200,"height":111,"caption":"Ergo Design"},"image":{"@id":"https:\/\/www.ergodesign.nl\/de\/#\/schema\/logo\/image\/"}}]}},"_links":{"self":[{"href":"https:\/\/www.ergodesign.nl\/de\/wp-json\/wp\/v2\/pages\/698","targetHints":{"allow":["GET"]}}],"collection":[{"href":"https:\/\/www.ergodesign.nl\/de\/wp-json\/wp\/v2\/pages"}],"about":[{"href":"https:\/\/www.ergodesign.nl\/de\/wp-json\/wp\/v2\/types\/page"}],"author":[{"embeddable":true,"href":"https:\/\/www.ergodesign.nl\/de\/wp-json\/wp\/v2\/users\/1"}],"replies":[{"embeddable":true,"href":"https:\/\/www.ergodesign.nl\/de\/wp-json\/wp\/v2\/comments?post=698"}],"version-history":[{"count":0,"href":"https:\/\/www.ergodesign.nl\/de\/wp-json\/wp\/v2\/pages\/698\/revisions"}],"up":[{"embeddable":true,"href":"https:\/\/www.ergodesign.nl\/de\/wp-json\/wp\/v2\/pages\/691"}],"wp:featuredmedia":[{"embeddable":true,"href":"https:\/\/www.ergodesign.nl\/de\/wp-json\/wp\/v2\/media\/273"}],"wp:attachment":[{"href":"https:\/\/www.ergodesign.nl\/de\/wp-json\/wp\/v2\/media?parent=698"}],"curies":[{"name":"wp","href":"https:\/\/api.w.org\/{rel}","templated":true}]}}