{"id":673,"date":"2018-11-21T13:41:28","date_gmt":"2018-11-21T12:41:28","guid":{"rendered":"https:\/\/www.ergodesign.nl\/?page_id=673"},"modified":"2018-12-05T15:54:27","modified_gmt":"2018-12-05T14:54:27","slug":"training","status":"publish","type":"page","link":"https:\/\/www.ergodesign.nl\/de\/plant\/training\/","title":{"rendered":"Schulung"},"content":{"rendered":"<h1><img decoding=\"async\" class=\"size-medium wp-image-322 alignleft\" src=\"https:\/\/www.ergodesign.nl\/wp-content\/uploads\/2018\/11\/Trainingen-300x225.jpg\" alt=\"LEAN Trainingsplan \" width=\"300\" height=\"225\" srcset=\"https:\/\/www.ergodesign.nl\/wp-content\/uploads\/2018\/11\/Trainingen-300x225.jpg 300w, https:\/\/www.ergodesign.nl\/wp-content\/uploads\/2018\/11\/Trainingen.jpg 324w\" sizes=\"(max-width: 300px) 100vw, 300px\" \/>Lean Trainingsplan<\/h1>\n<p>\u201eLEAN werden wird mit Menschen arbeiten\u201c. Wir legen eine Vision fest und erstellen einen Trainingsplan als Teil der LEAN Roadmap. Dies ist eine sehr wichtige Grundlage, um die Kultur innerhalb der Organisation zu ver\u00e4ndern. Die Schulung ist individuell und umfasst eine Auswahl aus den folgenden Modulen, m\u00f6glicherweise erg\u00e4nzt durch unternehmensspezifische Faktoren.<\/p>\n<p>&nbsp;<\/p>\n<p>&nbsp;<\/p>\n<p>&nbsp;<\/p>\n<h2>Die Lean-Kurse bei Ergo Design B.V. sind:<\/h2>\n<table border=\"1\" width=\"496\" frame=\"border\" rules=\"all\">\n<tbody>\n<tr>\n<td>\n<address>Value Stream Mapping*<\/address>\n<\/td>\n<td>\n<address>3 tage<\/address>\n<\/td>\n<\/tr>\n<tr>\n<td>\n<address>Kaizen workshops<\/address>\n<\/td>\n<td>\n<address>1 &#8211; 5 tage<\/address>\n<\/td>\n<\/tr>\n<tr>\n<td>\n<address>Lean production game<\/address>\n<\/td>\n<td>\n<address>0,5 tag<\/address>\n<\/td>\n<\/tr>\n<tr>\n<td>\n<address>White Belt training<\/address>\n<\/td>\n<td>\n<address>1 tage &#8211; basics LEAN + LEAN game<\/address>\n<\/td>\n<\/tr>\n<tr>\n<td valign=\"top\">\n<address>Orange Belt training<\/address>\n<\/td>\n<td valign=\"top\">\n<address>4 tage Basics LEAN Six Sigma<br \/>\n(i.s.m. trainingspartner Symbol B.V.)<\/address>\n<address><span id=\"result_box\" class=\"short_text\" lang=\"de\"><span class=\"\">gefolgt mit einem praktischen Auftrag<\/span><\/span><\/address>\n<\/td>\n<\/tr>\n<tr>\n<td>\n<address>Green Belt training<\/address>\n<\/td>\n<td>\n<address>10 tage (mit trainingspartner Symbol B.V.)<\/address>\n<\/td>\n<\/tr>\n<tr>\n<td>\n<address>Black Belt training<\/address>\n<\/td>\n<td>\n<address>20 tage (mit trainingspartner Symbol B.V.)<\/address>\n<\/td>\n<\/tr>\n<\/tbody>\n<\/table>\n<p>&nbsp;<\/p>\n<p><span id=\"result_box\" class=\"\" lang=\"de\">* Die Value Stream-Analyse verdeutlicht Produktions- und Logistikkonzepte. Auf einen Blick wird deutlich, wo Mehrwert entsteht und wo Abfall entsteht. <span class=\"\">Dieser Abfall wird in Kaizen-Workshops und Continuous Improvement Teams strukturell reduziert.<\/span><\/span><\/p>\n","protected":false},"excerpt":{"rendered":"<p>Lean Trainingsplan \u201eLEAN werden wird mit Menschen arbeiten\u201c. Wir legen [&hellip;]<\/p>\n","protected":false},"author":1,"featured_media":324,"parent":649,"menu_order":0,"comment_status":"closed","ping_status":"closed","template":"","meta":{"footnotes":""},"class_list":["post-673","page","type-page","status-publish","has-post-thumbnail","hentry"],"yoast_head":"<!-- This site is optimized with the Yoast SEO plugin v27.5 - https:\/\/yoast.com\/product\/yoast-seo-wordpress\/ -->\n<title>Lean Kurse bei Ergo Design B.V.<\/title>\n<meta name=\"description\" content=\"Die LEAN kurse und schulung ist individuell und umfasst eine Auswahl aus Modulen, m\u00f6glicherweise erg\u00e4nzt durch unternehmensspezifische Faktoren.\" \/>\n<meta name=\"robots\" content=\"index, follow, max-snippet:-1, max-image-preview:large, max-video-preview:-1\" \/>\n<link rel=\"canonical\" href=\"https:\/\/www.ergodesign.nl\/de\/plant\/training\/\" \/>\n<meta property=\"og:locale\" content=\"de_DE\" \/>\n<meta property=\"og:type\" content=\"article\" \/>\n<meta property=\"og:title\" content=\"Lean Kurse bei Ergo Design B.V.\" \/>\n<meta property=\"og:description\" content=\"Die LEAN kurse und schulung ist individuell und umfasst eine Auswahl aus Modulen, m\u00f6glicherweise erg\u00e4nzt durch unternehmensspezifische Faktoren.\" \/>\n<meta property=\"og:url\" content=\"https:\/\/www.ergodesign.nl\/de\/plant\/training\/\" \/>\n<meta property=\"og:site_name\" content=\"Ergo Design\" \/>\n<meta property=\"article:modified_time\" content=\"2018-12-05T14:54:27+00:00\" \/>\n<meta property=\"og:image\" content=\"https:\/\/www.ergodesign.nl\/wp-content\/uploads\/2018\/11\/Trainingen.jpg\" \/>\n\t<meta property=\"og:image:width\" content=\"324\" \/>\n\t<meta property=\"og:image:height\" content=\"243\" \/>\n\t<meta property=\"og:image:type\" content=\"image\/jpeg\" \/>\n<meta name=\"twitter:card\" content=\"summary_large_image\" \/>\n<meta name=\"twitter:label1\" content=\"Gesch\u00e4tzte Lesezeit\" \/>\n\t<meta name=\"twitter:data1\" content=\"1\u00a0Minute\" \/>\n<script type=\"application\/ld+json\" class=\"yoast-schema-graph\">{\"@context\":\"https:\\\/\\\/schema.org\",\"@graph\":[{\"@type\":\"WebPage\",\"@id\":\"https:\\\/\\\/www.ergodesign.nl\\\/de\\\/plant\\\/training\\\/\",\"url\":\"https:\\\/\\\/www.ergodesign.nl\\\/de\\\/plant\\\/training\\\/\",\"name\":\"Lean Kurse bei Ergo Design B.V.\",\"isPartOf\":{\"@id\":\"https:\\\/\\\/www.ergodesign.nl\\\/de\\\/#website\"},\"primaryImageOfPage\":{\"@id\":\"https:\\\/\\\/www.ergodesign.nl\\\/de\\\/plant\\\/training\\\/#primaryimage\"},\"image\":{\"@id\":\"https:\\\/\\\/www.ergodesign.nl\\\/de\\\/plant\\\/training\\\/#primaryimage\"},\"thumbnailUrl\":\"https:\\\/\\\/www.ergodesign.nl\\\/wp-content\\\/uploads\\\/2018\\\/11\\\/Trainingen.jpg\",\"datePublished\":\"2018-11-21T12:41:28+00:00\",\"dateModified\":\"2018-12-05T14:54:27+00:00\",\"description\":\"Die LEAN kurse und schulung ist individuell und umfasst eine Auswahl aus Modulen, m\u00f6glicherweise erg\u00e4nzt durch unternehmensspezifische Faktoren.\",\"breadcrumb\":{\"@id\":\"https:\\\/\\\/www.ergodesign.nl\\\/de\\\/plant\\\/training\\\/#breadcrumb\"},\"inLanguage\":\"de\",\"potentialAction\":[{\"@type\":\"ReadAction\",\"target\":[\"https:\\\/\\\/www.ergodesign.nl\\\/de\\\/plant\\\/training\\\/\"]}]},{\"@type\":\"ImageObject\",\"inLanguage\":\"de\",\"@id\":\"https:\\\/\\\/www.ergodesign.nl\\\/de\\\/plant\\\/training\\\/#primaryimage\",\"url\":\"https:\\\/\\\/www.ergodesign.nl\\\/wp-content\\\/uploads\\\/2018\\\/11\\\/Trainingen.jpg\",\"contentUrl\":\"https:\\\/\\\/www.ergodesign.nl\\\/wp-content\\\/uploads\\\/2018\\\/11\\\/Trainingen.jpg\",\"width\":324,\"height\":243,\"caption\":\"LEAN Trainingen\"},{\"@type\":\"BreadcrumbList\",\"@id\":\"https:\\\/\\\/www.ergodesign.nl\\\/de\\\/plant\\\/training\\\/#breadcrumb\",\"itemListElement\":[{\"@type\":\"ListItem\",\"position\":1,\"name\":\"Home\",\"item\":\"https:\\\/\\\/www.ergodesign.nl\\\/de\\\/\"},{\"@type\":\"ListItem\",\"position\":2,\"name\":\"Plant\",\"item\":\"https:\\\/\\\/www.ergodesign.nl\\\/de\\\/plant\\\/\"},{\"@type\":\"ListItem\",\"position\":3,\"name\":\"Schulung\"}]},{\"@type\":\"WebSite\",\"@id\":\"https:\\\/\\\/www.ergodesign.nl\\\/de\\\/#website\",\"url\":\"https:\\\/\\\/www.ergodesign.nl\\\/de\\\/\",\"name\":\"Ergo Design\",\"description\":\"logistieke simulatie\",\"publisher\":{\"@id\":\"https:\\\/\\\/www.ergodesign.nl\\\/de\\\/#organization\"},\"potentialAction\":[{\"@type\":\"SearchAction\",\"target\":{\"@type\":\"EntryPoint\",\"urlTemplate\":\"https:\\\/\\\/www.ergodesign.nl\\\/de\\\/?s={search_term_string}\"},\"query-input\":{\"@type\":\"PropertyValueSpecification\",\"valueRequired\":true,\"valueName\":\"search_term_string\"}}],\"inLanguage\":\"de\"},{\"@type\":\"Organization\",\"@id\":\"https:\\\/\\\/www.ergodesign.nl\\\/de\\\/#organization\",\"name\":\"Ergo Design\",\"url\":\"https:\\\/\\\/www.ergodesign.nl\\\/de\\\/\",\"logo\":{\"@type\":\"ImageObject\",\"inLanguage\":\"de\",\"@id\":\"https:\\\/\\\/www.ergodesign.nl\\\/de\\\/#\\\/schema\\\/logo\\\/image\\\/\",\"url\":\"https:\\\/\\\/www.ergodesign.nl\\\/wp-content\\\/uploads\\\/2023\\\/08\\\/cropped-new_logo-ergodesign-3.png\",\"contentUrl\":\"https:\\\/\\\/www.ergodesign.nl\\\/wp-content\\\/uploads\\\/2023\\\/08\\\/cropped-new_logo-ergodesign-3.png\",\"width\":200,\"height\":111,\"caption\":\"Ergo Design\"},\"image\":{\"@id\":\"https:\\\/\\\/www.ergodesign.nl\\\/de\\\/#\\\/schema\\\/logo\\\/image\\\/\"}}]}<\/script>\n<!-- \/ Yoast SEO plugin. -->","yoast_head_json":{"title":"Lean Kurse bei Ergo Design B.V.","description":"Die LEAN kurse und schulung ist individuell und umfasst eine Auswahl aus Modulen, m\u00f6glicherweise erg\u00e4nzt durch unternehmensspezifische Faktoren.","robots":{"index":"index","follow":"follow","max-snippet":"max-snippet:-1","max-image-preview":"max-image-preview:large","max-video-preview":"max-video-preview:-1"},"canonical":"https:\/\/www.ergodesign.nl\/de\/plant\/training\/","og_locale":"de_DE","og_type":"article","og_title":"Lean Kurse bei Ergo Design B.V.","og_description":"Die LEAN kurse und schulung ist individuell und umfasst eine Auswahl aus Modulen, m\u00f6glicherweise erg\u00e4nzt durch unternehmensspezifische Faktoren.","og_url":"https:\/\/www.ergodesign.nl\/de\/plant\/training\/","og_site_name":"Ergo Design","article_modified_time":"2018-12-05T14:54:27+00:00","og_image":[{"width":324,"height":243,"url":"https:\/\/www.ergodesign.nl\/wp-content\/uploads\/2018\/11\/Trainingen.jpg","type":"image\/jpeg"}],"twitter_card":"summary_large_image","twitter_misc":{"Gesch\u00e4tzte Lesezeit":"1\u00a0Minute"},"schema":{"@context":"https:\/\/schema.org","@graph":[{"@type":"WebPage","@id":"https:\/\/www.ergodesign.nl\/de\/plant\/training\/","url":"https:\/\/www.ergodesign.nl\/de\/plant\/training\/","name":"Lean Kurse bei Ergo Design B.V.","isPartOf":{"@id":"https:\/\/www.ergodesign.nl\/de\/#website"},"primaryImageOfPage":{"@id":"https:\/\/www.ergodesign.nl\/de\/plant\/training\/#primaryimage"},"image":{"@id":"https:\/\/www.ergodesign.nl\/de\/plant\/training\/#primaryimage"},"thumbnailUrl":"https:\/\/www.ergodesign.nl\/wp-content\/uploads\/2018\/11\/Trainingen.jpg","datePublished":"2018-11-21T12:41:28+00:00","dateModified":"2018-12-05T14:54:27+00:00","description":"Die LEAN kurse und schulung ist individuell und umfasst eine Auswahl aus Modulen, m\u00f6glicherweise erg\u00e4nzt durch unternehmensspezifische Faktoren.","breadcrumb":{"@id":"https:\/\/www.ergodesign.nl\/de\/plant\/training\/#breadcrumb"},"inLanguage":"de","potentialAction":[{"@type":"ReadAction","target":["https:\/\/www.ergodesign.nl\/de\/plant\/training\/"]}]},{"@type":"ImageObject","inLanguage":"de","@id":"https:\/\/www.ergodesign.nl\/de\/plant\/training\/#primaryimage","url":"https:\/\/www.ergodesign.nl\/wp-content\/uploads\/2018\/11\/Trainingen.jpg","contentUrl":"https:\/\/www.ergodesign.nl\/wp-content\/uploads\/2018\/11\/Trainingen.jpg","width":324,"height":243,"caption":"LEAN Trainingen"},{"@type":"BreadcrumbList","@id":"https:\/\/www.ergodesign.nl\/de\/plant\/training\/#breadcrumb","itemListElement":[{"@type":"ListItem","position":1,"name":"Home","item":"https:\/\/www.ergodesign.nl\/de\/"},{"@type":"ListItem","position":2,"name":"Plant","item":"https:\/\/www.ergodesign.nl\/de\/plant\/"},{"@type":"ListItem","position":3,"name":"Schulung"}]},{"@type":"WebSite","@id":"https:\/\/www.ergodesign.nl\/de\/#website","url":"https:\/\/www.ergodesign.nl\/de\/","name":"Ergo Design","description":"logistieke simulatie","publisher":{"@id":"https:\/\/www.ergodesign.nl\/de\/#organization"},"potentialAction":[{"@type":"SearchAction","target":{"@type":"EntryPoint","urlTemplate":"https:\/\/www.ergodesign.nl\/de\/?s={search_term_string}"},"query-input":{"@type":"PropertyValueSpecification","valueRequired":true,"valueName":"search_term_string"}}],"inLanguage":"de"},{"@type":"Organization","@id":"https:\/\/www.ergodesign.nl\/de\/#organization","name":"Ergo Design","url":"https:\/\/www.ergodesign.nl\/de\/","logo":{"@type":"ImageObject","inLanguage":"de","@id":"https:\/\/www.ergodesign.nl\/de\/#\/schema\/logo\/image\/","url":"https:\/\/www.ergodesign.nl\/wp-content\/uploads\/2023\/08\/cropped-new_logo-ergodesign-3.png","contentUrl":"https:\/\/www.ergodesign.nl\/wp-content\/uploads\/2023\/08\/cropped-new_logo-ergodesign-3.png","width":200,"height":111,"caption":"Ergo Design"},"image":{"@id":"https:\/\/www.ergodesign.nl\/de\/#\/schema\/logo\/image\/"}}]}},"_links":{"self":[{"href":"https:\/\/www.ergodesign.nl\/de\/wp-json\/wp\/v2\/pages\/673","targetHints":{"allow":["GET"]}}],"collection":[{"href":"https:\/\/www.ergodesign.nl\/de\/wp-json\/wp\/v2\/pages"}],"about":[{"href":"https:\/\/www.ergodesign.nl\/de\/wp-json\/wp\/v2\/types\/page"}],"author":[{"embeddable":true,"href":"https:\/\/www.ergodesign.nl\/de\/wp-json\/wp\/v2\/users\/1"}],"replies":[{"embeddable":true,"href":"https:\/\/www.ergodesign.nl\/de\/wp-json\/wp\/v2\/comments?post=673"}],"version-history":[{"count":0,"href":"https:\/\/www.ergodesign.nl\/de\/wp-json\/wp\/v2\/pages\/673\/revisions"}],"up":[{"embeddable":true,"href":"https:\/\/www.ergodesign.nl\/de\/wp-json\/wp\/v2\/pages\/649"}],"wp:featuredmedia":[{"embeddable":true,"href":"https:\/\/www.ergodesign.nl\/de\/wp-json\/wp\/v2\/media\/324"}],"wp:attachment":[{"href":"https:\/\/www.ergodesign.nl\/de\/wp-json\/wp\/v2\/media?parent=673"}],"curies":[{"name":"wp","href":"https:\/\/api.w.org\/{rel}","templated":true}]}}