{"id":658,"date":"2018-11-21T13:25:08","date_gmt":"2018-11-21T12:25:08","guid":{"rendered":"https:\/\/www.ergodesign.nl\/?page_id=658"},"modified":"2018-12-05T15:55:30","modified_gmt":"2018-12-05T14:55:30","slug":"improvement","status":"publish","type":"page","link":"https:\/\/www.ergodesign.nl\/de\/plant\/improvement\/","title":{"rendered":"Verbesserung"},"content":{"rendered":"<h1><img decoding=\"async\" class=\"size-medium wp-image-262 alignleft\" src=\"https:\/\/www.ergodesign.nl\/wp-content\/uploads\/2018\/11\/Improvement-300x225.jpg\" alt=\"Was bringt mir das LEAN management? \" width=\"300\" height=\"225\" srcset=\"https:\/\/www.ergodesign.nl\/wp-content\/uploads\/2018\/11\/Improvement-300x225.jpg 300w, https:\/\/www.ergodesign.nl\/wp-content\/uploads\/2018\/11\/Improvement.jpg 324w\" sizes=\"(max-width: 300px) 100vw, 300px\" \/>Was bringt mir das? <strong><br \/>\n<\/strong><\/h1>\n<p>Fertigungsunternehmen, die Prinzipien der LEAN-Produktion konsistent anwenden, leisten deutlich besser als Ihre Wettbewerber. Ergo-Design unterst\u00fctzt Unternehmen, die mit LEAN anfangen m\u00f6chten oder einen Gang hochschalten wollen. Au\u00dferdem arbeiten wir seit 20 Jahren mit Kunden zusammen, die wahre LEAN Champions sind, um Weltklasse-Performance zu erreichen.<\/p>\n<p>&nbsp;<\/p>\n<p>&nbsp;<\/p>\n<p>&nbsp;<\/p>\n<p>Zusammen haben wir unter anderem folgende Ergebnisse erzielt:<\/p>\n<ul>\n<li>Effizienzverbesserung um 100 %<\/li>\n<li>Durchlaufzeit reduziert von 1 Woche auf 0,5 Stunden.<\/li>\n<li>Bestandsreduzierung um \u00fcber 30 %<\/li>\n<li>Qualit\u00e4tsverbesserung; von 75 % bis 100 %<\/li>\n<li>Liefertreue von ca. 60 % bis 95 %<\/li>\n<li>Kontinuierliche Verbesserung, vorangetrieben durch Mitarbeiter<\/li>\n<\/ul>\n<h2>Kontaktieren Sie uns f\u00fcr die M\u00f6glichkeiten mit LEAN<\/h2>\n<p>Kontaktieren Sie uns, wenn Sie besprechen m\u00f6chten, welche M\u00f6glichkeiten es f\u00fcr Ihr Unternehmen gibt. Mittels einer LEAN-Pr\u00fcfung werden wir Ihre aktuelle Situation und Ihr Verbesserungspotenzial einsch\u00e4tzen. Zusammen werden wir einen Plan erarbeiten, um das in den kommenden Jahren umzusetzen.<\/p>\n","protected":false},"excerpt":{"rendered":"<p>Was bringt mir das? Fertigungsunternehmen, die Prinzipien der LEAN-Produktion konsistent [&hellip;]<\/p>\n","protected":false},"author":1,"featured_media":264,"parent":649,"menu_order":0,"comment_status":"closed","ping_status":"closed","template":"","meta":{"footnotes":""},"class_list":["post-658","page","type-page","status-publish","has-post-thumbnail","hentry"],"yoast_head":"<!-- This site is optimized with the Yoast SEO plugin v27.5 - https:\/\/yoast.com\/product\/yoast-seo-wordpress\/ -->\n<title>LEAN anfangen? Kontaktieren Sie Ergo Design<\/title>\n<meta name=\"description\" content=\"Ergo-Design unterst\u00fctzt Unternehmen, die mit LEAN anfangen m\u00f6chten oder einen Gang hochschalten wollen.\" \/>\n<meta name=\"robots\" content=\"index, follow, max-snippet:-1, max-image-preview:large, max-video-preview:-1\" \/>\n<link rel=\"canonical\" href=\"https:\/\/www.ergodesign.nl\/de\/plant\/improvement\/\" \/>\n<meta property=\"og:locale\" content=\"de_DE\" \/>\n<meta property=\"og:type\" content=\"article\" \/>\n<meta property=\"og:title\" content=\"LEAN anfangen? Kontaktieren Sie Ergo Design\" \/>\n<meta property=\"og:description\" content=\"Ergo-Design unterst\u00fctzt Unternehmen, die mit LEAN anfangen m\u00f6chten oder einen Gang hochschalten wollen.\" \/>\n<meta property=\"og:url\" content=\"https:\/\/www.ergodesign.nl\/de\/plant\/improvement\/\" \/>\n<meta property=\"og:site_name\" content=\"Ergo Design\" \/>\n<meta property=\"article:modified_time\" content=\"2018-12-05T14:55:30+00:00\" \/>\n<meta property=\"og:image\" content=\"https:\/\/www.ergodesign.nl\/wp-content\/uploads\/2018\/11\/Improvement.jpg\" \/>\n\t<meta property=\"og:image:width\" content=\"324\" \/>\n\t<meta property=\"og:image:height\" content=\"243\" \/>\n\t<meta property=\"og:image:type\" content=\"image\/jpeg\" \/>\n<meta name=\"twitter:card\" content=\"summary_large_image\" \/>\n<meta name=\"twitter:label1\" content=\"Gesch\u00e4tzte Lesezeit\" \/>\n\t<meta name=\"twitter:data1\" content=\"1\u00a0Minute\" \/>\n<script type=\"application\/ld+json\" class=\"yoast-schema-graph\">{\"@context\":\"https:\\\/\\\/schema.org\",\"@graph\":[{\"@type\":\"WebPage\",\"@id\":\"https:\\\/\\\/www.ergodesign.nl\\\/de\\\/plant\\\/improvement\\\/\",\"url\":\"https:\\\/\\\/www.ergodesign.nl\\\/de\\\/plant\\\/improvement\\\/\",\"name\":\"LEAN anfangen? Kontaktieren Sie Ergo Design\",\"isPartOf\":{\"@id\":\"https:\\\/\\\/www.ergodesign.nl\\\/de\\\/#website\"},\"primaryImageOfPage\":{\"@id\":\"https:\\\/\\\/www.ergodesign.nl\\\/de\\\/plant\\\/improvement\\\/#primaryimage\"},\"image\":{\"@id\":\"https:\\\/\\\/www.ergodesign.nl\\\/de\\\/plant\\\/improvement\\\/#primaryimage\"},\"thumbnailUrl\":\"https:\\\/\\\/www.ergodesign.nl\\\/wp-content\\\/uploads\\\/2018\\\/11\\\/Improvement.jpg\",\"datePublished\":\"2018-11-21T12:25:08+00:00\",\"dateModified\":\"2018-12-05T14:55:30+00:00\",\"description\":\"Ergo-Design unterst\u00fctzt Unternehmen, die mit LEAN anfangen m\u00f6chten oder einen Gang hochschalten wollen.\",\"breadcrumb\":{\"@id\":\"https:\\\/\\\/www.ergodesign.nl\\\/de\\\/plant\\\/improvement\\\/#breadcrumb\"},\"inLanguage\":\"de\",\"potentialAction\":[{\"@type\":\"ReadAction\",\"target\":[\"https:\\\/\\\/www.ergodesign.nl\\\/de\\\/plant\\\/improvement\\\/\"]}]},{\"@type\":\"ImageObject\",\"inLanguage\":\"de\",\"@id\":\"https:\\\/\\\/www.ergodesign.nl\\\/de\\\/plant\\\/improvement\\\/#primaryimage\",\"url\":\"https:\\\/\\\/www.ergodesign.nl\\\/wp-content\\\/uploads\\\/2018\\\/11\\\/Improvement.jpg\",\"contentUrl\":\"https:\\\/\\\/www.ergodesign.nl\\\/wp-content\\\/uploads\\\/2018\\\/11\\\/Improvement.jpg\",\"width\":324,\"height\":243,\"caption\":\"Improvement met LEAN\"},{\"@type\":\"BreadcrumbList\",\"@id\":\"https:\\\/\\\/www.ergodesign.nl\\\/de\\\/plant\\\/improvement\\\/#breadcrumb\",\"itemListElement\":[{\"@type\":\"ListItem\",\"position\":1,\"name\":\"Home\",\"item\":\"https:\\\/\\\/www.ergodesign.nl\\\/de\\\/\"},{\"@type\":\"ListItem\",\"position\":2,\"name\":\"Plant\",\"item\":\"https:\\\/\\\/www.ergodesign.nl\\\/de\\\/plant\\\/\"},{\"@type\":\"ListItem\",\"position\":3,\"name\":\"Verbesserung\"}]},{\"@type\":\"WebSite\",\"@id\":\"https:\\\/\\\/www.ergodesign.nl\\\/de\\\/#website\",\"url\":\"https:\\\/\\\/www.ergodesign.nl\\\/de\\\/\",\"name\":\"Ergo Design\",\"description\":\"logistieke simulatie\",\"publisher\":{\"@id\":\"https:\\\/\\\/www.ergodesign.nl\\\/de\\\/#organization\"},\"potentialAction\":[{\"@type\":\"SearchAction\",\"target\":{\"@type\":\"EntryPoint\",\"urlTemplate\":\"https:\\\/\\\/www.ergodesign.nl\\\/de\\\/?s={search_term_string}\"},\"query-input\":{\"@type\":\"PropertyValueSpecification\",\"valueRequired\":true,\"valueName\":\"search_term_string\"}}],\"inLanguage\":\"de\"},{\"@type\":\"Organization\",\"@id\":\"https:\\\/\\\/www.ergodesign.nl\\\/de\\\/#organization\",\"name\":\"Ergo Design\",\"url\":\"https:\\\/\\\/www.ergodesign.nl\\\/de\\\/\",\"logo\":{\"@type\":\"ImageObject\",\"inLanguage\":\"de\",\"@id\":\"https:\\\/\\\/www.ergodesign.nl\\\/de\\\/#\\\/schema\\\/logo\\\/image\\\/\",\"url\":\"https:\\\/\\\/www.ergodesign.nl\\\/wp-content\\\/uploads\\\/2023\\\/08\\\/cropped-new_logo-ergodesign-3.png\",\"contentUrl\":\"https:\\\/\\\/www.ergodesign.nl\\\/wp-content\\\/uploads\\\/2023\\\/08\\\/cropped-new_logo-ergodesign-3.png\",\"width\":200,\"height\":111,\"caption\":\"Ergo Design\"},\"image\":{\"@id\":\"https:\\\/\\\/www.ergodesign.nl\\\/de\\\/#\\\/schema\\\/logo\\\/image\\\/\"}}]}<\/script>\n<!-- \/ Yoast SEO plugin. -->","yoast_head_json":{"title":"LEAN anfangen? Kontaktieren Sie Ergo Design","description":"Ergo-Design unterst\u00fctzt Unternehmen, die mit LEAN anfangen m\u00f6chten oder einen Gang hochschalten wollen.","robots":{"index":"index","follow":"follow","max-snippet":"max-snippet:-1","max-image-preview":"max-image-preview:large","max-video-preview":"max-video-preview:-1"},"canonical":"https:\/\/www.ergodesign.nl\/de\/plant\/improvement\/","og_locale":"de_DE","og_type":"article","og_title":"LEAN anfangen? Kontaktieren Sie Ergo Design","og_description":"Ergo-Design unterst\u00fctzt Unternehmen, die mit LEAN anfangen m\u00f6chten oder einen Gang hochschalten wollen.","og_url":"https:\/\/www.ergodesign.nl\/de\/plant\/improvement\/","og_site_name":"Ergo Design","article_modified_time":"2018-12-05T14:55:30+00:00","og_image":[{"width":324,"height":243,"url":"https:\/\/www.ergodesign.nl\/wp-content\/uploads\/2018\/11\/Improvement.jpg","type":"image\/jpeg"}],"twitter_card":"summary_large_image","twitter_misc":{"Gesch\u00e4tzte Lesezeit":"1\u00a0Minute"},"schema":{"@context":"https:\/\/schema.org","@graph":[{"@type":"WebPage","@id":"https:\/\/www.ergodesign.nl\/de\/plant\/improvement\/","url":"https:\/\/www.ergodesign.nl\/de\/plant\/improvement\/","name":"LEAN anfangen? Kontaktieren Sie Ergo Design","isPartOf":{"@id":"https:\/\/www.ergodesign.nl\/de\/#website"},"primaryImageOfPage":{"@id":"https:\/\/www.ergodesign.nl\/de\/plant\/improvement\/#primaryimage"},"image":{"@id":"https:\/\/www.ergodesign.nl\/de\/plant\/improvement\/#primaryimage"},"thumbnailUrl":"https:\/\/www.ergodesign.nl\/wp-content\/uploads\/2018\/11\/Improvement.jpg","datePublished":"2018-11-21T12:25:08+00:00","dateModified":"2018-12-05T14:55:30+00:00","description":"Ergo-Design unterst\u00fctzt Unternehmen, die mit LEAN anfangen m\u00f6chten oder einen Gang hochschalten wollen.","breadcrumb":{"@id":"https:\/\/www.ergodesign.nl\/de\/plant\/improvement\/#breadcrumb"},"inLanguage":"de","potentialAction":[{"@type":"ReadAction","target":["https:\/\/www.ergodesign.nl\/de\/plant\/improvement\/"]}]},{"@type":"ImageObject","inLanguage":"de","@id":"https:\/\/www.ergodesign.nl\/de\/plant\/improvement\/#primaryimage","url":"https:\/\/www.ergodesign.nl\/wp-content\/uploads\/2018\/11\/Improvement.jpg","contentUrl":"https:\/\/www.ergodesign.nl\/wp-content\/uploads\/2018\/11\/Improvement.jpg","width":324,"height":243,"caption":"Improvement met LEAN"},{"@type":"BreadcrumbList","@id":"https:\/\/www.ergodesign.nl\/de\/plant\/improvement\/#breadcrumb","itemListElement":[{"@type":"ListItem","position":1,"name":"Home","item":"https:\/\/www.ergodesign.nl\/de\/"},{"@type":"ListItem","position":2,"name":"Plant","item":"https:\/\/www.ergodesign.nl\/de\/plant\/"},{"@type":"ListItem","position":3,"name":"Verbesserung"}]},{"@type":"WebSite","@id":"https:\/\/www.ergodesign.nl\/de\/#website","url":"https:\/\/www.ergodesign.nl\/de\/","name":"Ergo Design","description":"logistieke simulatie","publisher":{"@id":"https:\/\/www.ergodesign.nl\/de\/#organization"},"potentialAction":[{"@type":"SearchAction","target":{"@type":"EntryPoint","urlTemplate":"https:\/\/www.ergodesign.nl\/de\/?s={search_term_string}"},"query-input":{"@type":"PropertyValueSpecification","valueRequired":true,"valueName":"search_term_string"}}],"inLanguage":"de"},{"@type":"Organization","@id":"https:\/\/www.ergodesign.nl\/de\/#organization","name":"Ergo Design","url":"https:\/\/www.ergodesign.nl\/de\/","logo":{"@type":"ImageObject","inLanguage":"de","@id":"https:\/\/www.ergodesign.nl\/de\/#\/schema\/logo\/image\/","url":"https:\/\/www.ergodesign.nl\/wp-content\/uploads\/2023\/08\/cropped-new_logo-ergodesign-3.png","contentUrl":"https:\/\/www.ergodesign.nl\/wp-content\/uploads\/2023\/08\/cropped-new_logo-ergodesign-3.png","width":200,"height":111,"caption":"Ergo Design"},"image":{"@id":"https:\/\/www.ergodesign.nl\/de\/#\/schema\/logo\/image\/"}}]}},"_links":{"self":[{"href":"https:\/\/www.ergodesign.nl\/de\/wp-json\/wp\/v2\/pages\/658","targetHints":{"allow":["GET"]}}],"collection":[{"href":"https:\/\/www.ergodesign.nl\/de\/wp-json\/wp\/v2\/pages"}],"about":[{"href":"https:\/\/www.ergodesign.nl\/de\/wp-json\/wp\/v2\/types\/page"}],"author":[{"embeddable":true,"href":"https:\/\/www.ergodesign.nl\/de\/wp-json\/wp\/v2\/users\/1"}],"replies":[{"embeddable":true,"href":"https:\/\/www.ergodesign.nl\/de\/wp-json\/wp\/v2\/comments?post=658"}],"version-history":[{"count":0,"href":"https:\/\/www.ergodesign.nl\/de\/wp-json\/wp\/v2\/pages\/658\/revisions"}],"up":[{"embeddable":true,"href":"https:\/\/www.ergodesign.nl\/de\/wp-json\/wp\/v2\/pages\/649"}],"wp:featuredmedia":[{"embeddable":true,"href":"https:\/\/www.ergodesign.nl\/de\/wp-json\/wp\/v2\/media\/264"}],"wp:attachment":[{"href":"https:\/\/www.ergodesign.nl\/de\/wp-json\/wp\/v2\/media?parent=658"}],"curies":[{"name":"wp","href":"https:\/\/api.w.org\/{rel}","templated":true}]}}