{"id":641,"date":"2018-11-21T11:58:32","date_gmt":"2018-11-21T10:58:32","guid":{"rendered":"https:\/\/www.ergodesign.nl\/?page_id=641"},"modified":"2018-12-05T15:56:30","modified_gmt":"2018-12-05T14:56:30","slug":"line-design","status":"publish","type":"page","link":"https:\/\/www.ergodesign.nl\/de\/line\/line-design\/","title":{"rendered":"Linienplanung"},"content":{"rendered":"<h1><img decoding=\"async\" class=\"size-medium wp-image-471 alignleft\" src=\"https:\/\/www.ergodesign.nl\/wp-content\/uploads\/2018\/11\/Lijnontwerp_04ph-300x225.jpg\" alt=\"Linienplanung\" width=\"300\" height=\"225\" srcset=\"https:\/\/www.ergodesign.nl\/wp-content\/uploads\/2018\/11\/Lijnontwerp_04ph-300x225.jpg 300w, https:\/\/www.ergodesign.nl\/wp-content\/uploads\/2018\/11\/Lijnontwerp_04ph.jpg 324w\" sizes=\"(max-width: 300px) 100vw, 300px\" \/>Linienplanung<\/h1>\n<p>Die Produktion ist der Ort, an dem Wert gesch\u00f6pft wird (Gemba) und daher der Kern der Fabrik. Eine gute Linienplanung basiert auf einem wohl\u00fcberlegten Produktions- und Logistikkonzept und bildet die Grundlage f\u00fcr die endg\u00fcltige Umsetzung. Ausgewogene Entscheidungen m\u00fcssen f\u00fcr eine getaktete Linien- oder Dockanlagen, die Transportmethode oder die Stationsanzahl getroffen werden. Dann wird die Materialversorgungsmethode aus dem Logistikkonzept und eventuellen Ersatzausf\u00fchrungen erarbeitet.<\/p>\n<p>Um ein ausgewogenes Arbeitslast zu erzielen, werden Montagezeiten festgelegt und Aktivit\u00e4ten optimal \u00fcber die Stationen verteilt. Der Linienplanungsprozess ergibt eine vollst\u00e4ndig betriebsf\u00e4hige Spezifikation und einen Strategieplan zur Etablierung Ihres Produktionsprozesses. Auf Wunsch k\u00f6nnen wir die Implementierung bis zu den Fabrik- und Standortabnahmepr\u00fcfungen unterst\u00fctzen.<\/p>\n<h2>Umfassenden Erfahrung bei Linienplanung<\/h2>\n<p>Bei unserer umfassenden Erfahrung bei der Planung und Optimierung von Produktionslinien haben wir schon mit vielen Formen und Gr\u00f6\u00dfen gearbeitet. Von chirurgischen Instrumenten bis zu Lastkraftwagen, von Spezialf\u00e4llen mit sehr geringer Produktionsmenge bis zu Millionen Produkten j\u00e4hrlich. So k\u00f6nnen wir Ihnen spezifische Unterst\u00fctzung bei der Planung oder Optimierung Ihrer Produktionslinie und der damit verbundenen Logistik bieten.<\/p>\n","protected":false},"excerpt":{"rendered":"<p>Linienplanung Die Produktion ist der Ort, an dem Wert gesch\u00f6pft [&hellip;]<\/p>\n","protected":false},"author":1,"featured_media":473,"parent":623,"menu_order":0,"comment_status":"closed","ping_status":"closed","template":"","meta":{"footnotes":""},"class_list":["post-641","page","type-page","status-publish","has-post-thumbnail","hentry"],"yoast_head":"<!-- This site is optimized with the Yoast SEO plugin v27.5 - https:\/\/yoast.com\/product\/yoast-seo-wordpress\/ -->\n<title>Umfassenden Erfahrung bei Linienplanung<\/title>\n<meta name=\"description\" content=\"Bei unserer umfassenden Erfahrung bei der Planung und Optimierung von Produktionslinien haben wir schon mit vielen Formen und Gr\u00f6\u00dfen gearbeitet.\" \/>\n<meta name=\"robots\" content=\"index, follow, max-snippet:-1, max-image-preview:large, max-video-preview:-1\" \/>\n<link rel=\"canonical\" href=\"https:\/\/www.ergodesign.nl\/de\/line\/line-design\/\" \/>\n<meta property=\"og:locale\" content=\"de_DE\" \/>\n<meta property=\"og:type\" content=\"article\" \/>\n<meta property=\"og:title\" content=\"Umfassenden Erfahrung bei Linienplanung\" \/>\n<meta property=\"og:description\" content=\"Bei unserer umfassenden Erfahrung bei der Planung und Optimierung von Produktionslinien haben wir schon mit vielen Formen und Gr\u00f6\u00dfen gearbeitet.\" \/>\n<meta property=\"og:url\" content=\"https:\/\/www.ergodesign.nl\/de\/line\/line-design\/\" \/>\n<meta property=\"og:site_name\" content=\"Ergo Design\" \/>\n<meta property=\"article:modified_time\" content=\"2018-12-05T14:56:30+00:00\" \/>\n<meta property=\"og:image\" content=\"https:\/\/www.ergodesign.nl\/wp-content\/uploads\/2018\/11\/Lijnontwerp_04ph.jpg\" \/>\n\t<meta property=\"og:image:width\" content=\"324\" \/>\n\t<meta property=\"og:image:height\" content=\"243\" \/>\n\t<meta property=\"og:image:type\" content=\"image\/jpeg\" \/>\n<meta name=\"twitter:card\" content=\"summary_large_image\" \/>\n<meta name=\"twitter:label1\" content=\"Gesch\u00e4tzte Lesezeit\" \/>\n\t<meta name=\"twitter:data1\" content=\"1\u00a0Minute\" \/>\n<script type=\"application\/ld+json\" class=\"yoast-schema-graph\">{\"@context\":\"https:\\\/\\\/schema.org\",\"@graph\":[{\"@type\":\"WebPage\",\"@id\":\"https:\\\/\\\/www.ergodesign.nl\\\/de\\\/line\\\/line-design\\\/\",\"url\":\"https:\\\/\\\/www.ergodesign.nl\\\/de\\\/line\\\/line-design\\\/\",\"name\":\"Umfassenden Erfahrung bei Linienplanung\",\"isPartOf\":{\"@id\":\"https:\\\/\\\/www.ergodesign.nl\\\/de\\\/#website\"},\"primaryImageOfPage\":{\"@id\":\"https:\\\/\\\/www.ergodesign.nl\\\/de\\\/line\\\/line-design\\\/#primaryimage\"},\"image\":{\"@id\":\"https:\\\/\\\/www.ergodesign.nl\\\/de\\\/line\\\/line-design\\\/#primaryimage\"},\"thumbnailUrl\":\"https:\\\/\\\/www.ergodesign.nl\\\/wp-content\\\/uploads\\\/2018\\\/11\\\/Lijnontwerp_04ph.jpg\",\"datePublished\":\"2018-11-21T10:58:32+00:00\",\"dateModified\":\"2018-12-05T14:56:30+00:00\",\"description\":\"Bei unserer umfassenden Erfahrung bei der Planung und Optimierung von Produktionslinien haben wir schon mit vielen Formen und Gr\u00f6\u00dfen gearbeitet.\",\"breadcrumb\":{\"@id\":\"https:\\\/\\\/www.ergodesign.nl\\\/de\\\/line\\\/line-design\\\/#breadcrumb\"},\"inLanguage\":\"de\",\"potentialAction\":[{\"@type\":\"ReadAction\",\"target\":[\"https:\\\/\\\/www.ergodesign.nl\\\/de\\\/line\\\/line-design\\\/\"]}]},{\"@type\":\"ImageObject\",\"inLanguage\":\"de\",\"@id\":\"https:\\\/\\\/www.ergodesign.nl\\\/de\\\/line\\\/line-design\\\/#primaryimage\",\"url\":\"https:\\\/\\\/www.ergodesign.nl\\\/wp-content\\\/uploads\\\/2018\\\/11\\\/Lijnontwerp_04ph.jpg\",\"contentUrl\":\"https:\\\/\\\/www.ergodesign.nl\\\/wp-content\\\/uploads\\\/2018\\\/11\\\/Lijnontwerp_04ph.jpg\",\"width\":324,\"height\":243,\"caption\":\"line design ontwerp \\\/ lijn ontwerp\"},{\"@type\":\"BreadcrumbList\",\"@id\":\"https:\\\/\\\/www.ergodesign.nl\\\/de\\\/line\\\/line-design\\\/#breadcrumb\",\"itemListElement\":[{\"@type\":\"ListItem\",\"position\":1,\"name\":\"Home\",\"item\":\"https:\\\/\\\/www.ergodesign.nl\\\/de\\\/\"},{\"@type\":\"ListItem\",\"position\":2,\"name\":\"Line\",\"item\":\"https:\\\/\\\/www.ergodesign.nl\\\/de\\\/line\\\/\"},{\"@type\":\"ListItem\",\"position\":3,\"name\":\"Linienplanung\"}]},{\"@type\":\"WebSite\",\"@id\":\"https:\\\/\\\/www.ergodesign.nl\\\/de\\\/#website\",\"url\":\"https:\\\/\\\/www.ergodesign.nl\\\/de\\\/\",\"name\":\"Ergo Design\",\"description\":\"logistieke simulatie\",\"publisher\":{\"@id\":\"https:\\\/\\\/www.ergodesign.nl\\\/de\\\/#organization\"},\"potentialAction\":[{\"@type\":\"SearchAction\",\"target\":{\"@type\":\"EntryPoint\",\"urlTemplate\":\"https:\\\/\\\/www.ergodesign.nl\\\/de\\\/?s={search_term_string}\"},\"query-input\":{\"@type\":\"PropertyValueSpecification\",\"valueRequired\":true,\"valueName\":\"search_term_string\"}}],\"inLanguage\":\"de\"},{\"@type\":\"Organization\",\"@id\":\"https:\\\/\\\/www.ergodesign.nl\\\/de\\\/#organization\",\"name\":\"Ergo Design\",\"url\":\"https:\\\/\\\/www.ergodesign.nl\\\/de\\\/\",\"logo\":{\"@type\":\"ImageObject\",\"inLanguage\":\"de\",\"@id\":\"https:\\\/\\\/www.ergodesign.nl\\\/de\\\/#\\\/schema\\\/logo\\\/image\\\/\",\"url\":\"https:\\\/\\\/www.ergodesign.nl\\\/wp-content\\\/uploads\\\/2023\\\/08\\\/cropped-new_logo-ergodesign-3.png\",\"contentUrl\":\"https:\\\/\\\/www.ergodesign.nl\\\/wp-content\\\/uploads\\\/2023\\\/08\\\/cropped-new_logo-ergodesign-3.png\",\"width\":200,\"height\":111,\"caption\":\"Ergo Design\"},\"image\":{\"@id\":\"https:\\\/\\\/www.ergodesign.nl\\\/de\\\/#\\\/schema\\\/logo\\\/image\\\/\"}}]}<\/script>\n<!-- \/ Yoast SEO plugin. -->","yoast_head_json":{"title":"Umfassenden Erfahrung bei Linienplanung","description":"Bei unserer umfassenden Erfahrung bei der Planung und Optimierung von Produktionslinien haben wir schon mit vielen Formen und Gr\u00f6\u00dfen gearbeitet.","robots":{"index":"index","follow":"follow","max-snippet":"max-snippet:-1","max-image-preview":"max-image-preview:large","max-video-preview":"max-video-preview:-1"},"canonical":"https:\/\/www.ergodesign.nl\/de\/line\/line-design\/","og_locale":"de_DE","og_type":"article","og_title":"Umfassenden Erfahrung bei Linienplanung","og_description":"Bei unserer umfassenden Erfahrung bei der Planung und Optimierung von Produktionslinien haben wir schon mit vielen Formen und Gr\u00f6\u00dfen gearbeitet.","og_url":"https:\/\/www.ergodesign.nl\/de\/line\/line-design\/","og_site_name":"Ergo Design","article_modified_time":"2018-12-05T14:56:30+00:00","og_image":[{"width":324,"height":243,"url":"https:\/\/www.ergodesign.nl\/wp-content\/uploads\/2018\/11\/Lijnontwerp_04ph.jpg","type":"image\/jpeg"}],"twitter_card":"summary_large_image","twitter_misc":{"Gesch\u00e4tzte Lesezeit":"1\u00a0Minute"},"schema":{"@context":"https:\/\/schema.org","@graph":[{"@type":"WebPage","@id":"https:\/\/www.ergodesign.nl\/de\/line\/line-design\/","url":"https:\/\/www.ergodesign.nl\/de\/line\/line-design\/","name":"Umfassenden Erfahrung bei Linienplanung","isPartOf":{"@id":"https:\/\/www.ergodesign.nl\/de\/#website"},"primaryImageOfPage":{"@id":"https:\/\/www.ergodesign.nl\/de\/line\/line-design\/#primaryimage"},"image":{"@id":"https:\/\/www.ergodesign.nl\/de\/line\/line-design\/#primaryimage"},"thumbnailUrl":"https:\/\/www.ergodesign.nl\/wp-content\/uploads\/2018\/11\/Lijnontwerp_04ph.jpg","datePublished":"2018-11-21T10:58:32+00:00","dateModified":"2018-12-05T14:56:30+00:00","description":"Bei unserer umfassenden Erfahrung bei der Planung und Optimierung von Produktionslinien haben wir schon mit vielen Formen und Gr\u00f6\u00dfen gearbeitet.","breadcrumb":{"@id":"https:\/\/www.ergodesign.nl\/de\/line\/line-design\/#breadcrumb"},"inLanguage":"de","potentialAction":[{"@type":"ReadAction","target":["https:\/\/www.ergodesign.nl\/de\/line\/line-design\/"]}]},{"@type":"ImageObject","inLanguage":"de","@id":"https:\/\/www.ergodesign.nl\/de\/line\/line-design\/#primaryimage","url":"https:\/\/www.ergodesign.nl\/wp-content\/uploads\/2018\/11\/Lijnontwerp_04ph.jpg","contentUrl":"https:\/\/www.ergodesign.nl\/wp-content\/uploads\/2018\/11\/Lijnontwerp_04ph.jpg","width":324,"height":243,"caption":"line design ontwerp \/ lijn ontwerp"},{"@type":"BreadcrumbList","@id":"https:\/\/www.ergodesign.nl\/de\/line\/line-design\/#breadcrumb","itemListElement":[{"@type":"ListItem","position":1,"name":"Home","item":"https:\/\/www.ergodesign.nl\/de\/"},{"@type":"ListItem","position":2,"name":"Line","item":"https:\/\/www.ergodesign.nl\/de\/line\/"},{"@type":"ListItem","position":3,"name":"Linienplanung"}]},{"@type":"WebSite","@id":"https:\/\/www.ergodesign.nl\/de\/#website","url":"https:\/\/www.ergodesign.nl\/de\/","name":"Ergo Design","description":"logistieke simulatie","publisher":{"@id":"https:\/\/www.ergodesign.nl\/de\/#organization"},"potentialAction":[{"@type":"SearchAction","target":{"@type":"EntryPoint","urlTemplate":"https:\/\/www.ergodesign.nl\/de\/?s={search_term_string}"},"query-input":{"@type":"PropertyValueSpecification","valueRequired":true,"valueName":"search_term_string"}}],"inLanguage":"de"},{"@type":"Organization","@id":"https:\/\/www.ergodesign.nl\/de\/#organization","name":"Ergo Design","url":"https:\/\/www.ergodesign.nl\/de\/","logo":{"@type":"ImageObject","inLanguage":"de","@id":"https:\/\/www.ergodesign.nl\/de\/#\/schema\/logo\/image\/","url":"https:\/\/www.ergodesign.nl\/wp-content\/uploads\/2023\/08\/cropped-new_logo-ergodesign-3.png","contentUrl":"https:\/\/www.ergodesign.nl\/wp-content\/uploads\/2023\/08\/cropped-new_logo-ergodesign-3.png","width":200,"height":111,"caption":"Ergo Design"},"image":{"@id":"https:\/\/www.ergodesign.nl\/de\/#\/schema\/logo\/image\/"}}]}},"_links":{"self":[{"href":"https:\/\/www.ergodesign.nl\/de\/wp-json\/wp\/v2\/pages\/641","targetHints":{"allow":["GET"]}}],"collection":[{"href":"https:\/\/www.ergodesign.nl\/de\/wp-json\/wp\/v2\/pages"}],"about":[{"href":"https:\/\/www.ergodesign.nl\/de\/wp-json\/wp\/v2\/types\/page"}],"author":[{"embeddable":true,"href":"https:\/\/www.ergodesign.nl\/de\/wp-json\/wp\/v2\/users\/1"}],"replies":[{"embeddable":true,"href":"https:\/\/www.ergodesign.nl\/de\/wp-json\/wp\/v2\/comments?post=641"}],"version-history":[{"count":0,"href":"https:\/\/www.ergodesign.nl\/de\/wp-json\/wp\/v2\/pages\/641\/revisions"}],"up":[{"embeddable":true,"href":"https:\/\/www.ergodesign.nl\/de\/wp-json\/wp\/v2\/pages\/623"}],"wp:featuredmedia":[{"embeddable":true,"href":"https:\/\/www.ergodesign.nl\/de\/wp-json\/wp\/v2\/media\/473"}],"wp:attachment":[{"href":"https:\/\/www.ergodesign.nl\/de\/wp-json\/wp\/v2\/media?parent=641"}],"curies":[{"name":"wp","href":"https:\/\/api.w.org\/{rel}","templated":true}]}}