{"id":635,"date":"2018-11-21T11:51:34","date_gmt":"2018-11-21T10:51:34","guid":{"rendered":"https:\/\/www.ergodesign.nl\/?page_id=635"},"modified":"2018-12-05T15:56:45","modified_gmt":"2018-12-05T14:56:45","slug":"taktclock","status":"publish","type":"page","link":"https:\/\/www.ergodesign.nl\/de\/line\/taktclock\/","title":{"rendered":"Taktuhr"},"content":{"rendered":"<h1><img decoding=\"async\" class=\"size-medium wp-image-276 alignleft\" src=\"https:\/\/www.ergodesign.nl\/wp-content\/uploads\/2018\/11\/Taktklok-300x225.jpg\" alt=\"Taktuhr &amp; Anzeigetafel - KPIs in der Luft\" width=\"300\" height=\"225\" srcset=\"https:\/\/www.ergodesign.nl\/wp-content\/uploads\/2018\/11\/Taktklok-300x225.jpg 300w, https:\/\/www.ergodesign.nl\/wp-content\/uploads\/2018\/11\/Taktklok.jpg 324w\" sizes=\"(max-width: 300px) 100vw, 300px\" \/>Taktuhr &amp; Anzeigetafel &#8211; KPIs in der Luft<\/h1>\n<p>LEAN Management und Kontinuierliche Verbesserung bed\u00fcrfen KPIs (Leistungsindikatoren), die einfach zu \u00fcberwachen sind. Ergebnisse aus Produktion und Logistik m\u00fcssen direkt am Arbeitsplatz sichtbar sein. So werden Ruhe und Regelm\u00e4\u00dfigkeit in normalen Situationen geschaffen, aber es kann auch schnell eingegriffen werden, wenn Abweichungen auftreten. Um das zu unterst\u00fctzen, hat ED eine konfigurierbare Plattform f\u00fcr Taktuhren, Anzeigetafeln und Andon-Systeme entwickelt. Sie entscheiden, was f\u00fcr Sie wichtig ist und welche Indikatoren angezeigt werden sollen. Unsere modulare und flexible Software kann schnell und effizient konfiguriert werden, um Ihre Fertigung mit korrekten aktuellen Informationen zu versorgen. Unsere Basis ist einfach und sehr kosteng\u00fcnstig. Auf Wunsch k\u00f6nnen unter anderem Signale von SPS, Sensoren und Strichcodescannern f\u00fcr Bereitschaftsmeldungen genutzt werden, aber auch f\u00fcr Benachrichtigungen bei Abweichungen (Andon) oder Linienstopps. Die Erweiterung auf mehrere Uhren in einem (drahtlosen) Netzwerk einer Server-Client-Umgebung mit zentraler Konfiguration ist ebenfalls m\u00f6glich. Zur Datenanalyse k\u00f6nnen Protokolldateien aufgezeichnet werden.<\/p>\n<h2>Funktion der Taktuhr, die auf den Produktionsprozess angewendet wird<\/h2>\n<p>Die ablaufende Zeit auf der Taktuhr ist der ber\u00fchmteste Indikator, mit die Produktionsgeschwindigkeit gezeigt wird, zusammen mit der Anzeige, ob man vor oder hinter dem Zeitplan liegt. Nach der Implementierung ergibt sich eine eher entspannte Atmosph\u00e4re, wenn Ruhe und Regelm\u00e4\u00dfigkeit vom Rhythmus der Taktuhr &#8222;durchgesetzt&#8220; werden.<\/p>\n","protected":false},"excerpt":{"rendered":"<p>Taktuhr &amp; Anzeigetafel &#8211; KPIs in der Luft LEAN Management [&hellip;]<\/p>\n","protected":false},"author":1,"featured_media":278,"parent":623,"menu_order":0,"comment_status":"closed","ping_status":"closed","template":"","meta":{"footnotes":""},"class_list":["post-635","page","type-page","status-publish","has-post-thumbnail","hentry"],"yoast_head":"<!-- This site is optimized with the Yoast SEO plugin v27.5 - https:\/\/yoast.com\/product\/yoast-seo-wordpress\/ -->\n<title>Taktuhr &amp; Anzeigetafel - KPIs in der Luft!<\/title>\n<meta name=\"description\" content=\"Funktion der Taktuhr, die auf den Produktionsprozess angewendet wird. Lesen Sie mehr uber Taktuhr &amp; Anzeigetafel - KPIs in der Luft!\" \/>\n<meta name=\"robots\" content=\"index, follow, max-snippet:-1, max-image-preview:large, max-video-preview:-1\" \/>\n<link rel=\"canonical\" href=\"https:\/\/www.ergodesign.nl\/de\/line\/taktclock\/\" \/>\n<meta property=\"og:locale\" content=\"de_DE\" \/>\n<meta property=\"og:type\" content=\"article\" \/>\n<meta property=\"og:title\" content=\"Taktuhr &amp; Anzeigetafel - KPIs in der Luft!\" \/>\n<meta property=\"og:description\" content=\"Funktion der Taktuhr, die auf den Produktionsprozess angewendet wird. Lesen Sie mehr uber Taktuhr &amp; Anzeigetafel - KPIs in der Luft!\" \/>\n<meta property=\"og:url\" content=\"https:\/\/www.ergodesign.nl\/de\/line\/taktclock\/\" \/>\n<meta property=\"og:site_name\" content=\"Ergo Design\" \/>\n<meta property=\"article:modified_time\" content=\"2018-12-05T14:56:45+00:00\" \/>\n<meta property=\"og:image\" content=\"https:\/\/www.ergodesign.nl\/wp-content\/uploads\/2018\/11\/Taktklok.jpg\" \/>\n\t<meta property=\"og:image:width\" content=\"324\" \/>\n\t<meta property=\"og:image:height\" content=\"243\" \/>\n\t<meta property=\"og:image:type\" content=\"image\/jpeg\" \/>\n<meta name=\"twitter:card\" content=\"summary_large_image\" \/>\n<meta name=\"twitter:label1\" content=\"Gesch\u00e4tzte Lesezeit\" \/>\n\t<meta name=\"twitter:data1\" content=\"1\u00a0Minute\" \/>\n<script type=\"application\/ld+json\" class=\"yoast-schema-graph\">{\"@context\":\"https:\\\/\\\/schema.org\",\"@graph\":[{\"@type\":\"WebPage\",\"@id\":\"https:\\\/\\\/www.ergodesign.nl\\\/de\\\/line\\\/taktclock\\\/\",\"url\":\"https:\\\/\\\/www.ergodesign.nl\\\/de\\\/line\\\/taktclock\\\/\",\"name\":\"Taktuhr & Anzeigetafel - KPIs in der Luft!\",\"isPartOf\":{\"@id\":\"https:\\\/\\\/www.ergodesign.nl\\\/de\\\/#website\"},\"primaryImageOfPage\":{\"@id\":\"https:\\\/\\\/www.ergodesign.nl\\\/de\\\/line\\\/taktclock\\\/#primaryimage\"},\"image\":{\"@id\":\"https:\\\/\\\/www.ergodesign.nl\\\/de\\\/line\\\/taktclock\\\/#primaryimage\"},\"thumbnailUrl\":\"https:\\\/\\\/www.ergodesign.nl\\\/wp-content\\\/uploads\\\/2018\\\/11\\\/Taktklok.jpg\",\"datePublished\":\"2018-11-21T10:51:34+00:00\",\"dateModified\":\"2018-12-05T14:56:45+00:00\",\"description\":\"Funktion der Taktuhr, die auf den Produktionsprozess angewendet wird. Lesen Sie mehr uber Taktuhr & Anzeigetafel - KPIs in der Luft!\",\"breadcrumb\":{\"@id\":\"https:\\\/\\\/www.ergodesign.nl\\\/de\\\/line\\\/taktclock\\\/#breadcrumb\"},\"inLanguage\":\"de\",\"potentialAction\":[{\"@type\":\"ReadAction\",\"target\":[\"https:\\\/\\\/www.ergodesign.nl\\\/de\\\/line\\\/taktclock\\\/\"]}]},{\"@type\":\"ImageObject\",\"inLanguage\":\"de\",\"@id\":\"https:\\\/\\\/www.ergodesign.nl\\\/de\\\/line\\\/taktclock\\\/#primaryimage\",\"url\":\"https:\\\/\\\/www.ergodesign.nl\\\/wp-content\\\/uploads\\\/2018\\\/11\\\/Taktklok.jpg\",\"contentUrl\":\"https:\\\/\\\/www.ergodesign.nl\\\/wp-content\\\/uploads\\\/2018\\\/11\\\/Taktklok.jpg\",\"width\":324,\"height\":243,\"caption\":\"Taktklok\"},{\"@type\":\"BreadcrumbList\",\"@id\":\"https:\\\/\\\/www.ergodesign.nl\\\/de\\\/line\\\/taktclock\\\/#breadcrumb\",\"itemListElement\":[{\"@type\":\"ListItem\",\"position\":1,\"name\":\"Home\",\"item\":\"https:\\\/\\\/www.ergodesign.nl\\\/de\\\/\"},{\"@type\":\"ListItem\",\"position\":2,\"name\":\"Line\",\"item\":\"https:\\\/\\\/www.ergodesign.nl\\\/de\\\/line\\\/\"},{\"@type\":\"ListItem\",\"position\":3,\"name\":\"Taktuhr\"}]},{\"@type\":\"WebSite\",\"@id\":\"https:\\\/\\\/www.ergodesign.nl\\\/de\\\/#website\",\"url\":\"https:\\\/\\\/www.ergodesign.nl\\\/de\\\/\",\"name\":\"Ergo Design\",\"description\":\"logistieke simulatie\",\"publisher\":{\"@id\":\"https:\\\/\\\/www.ergodesign.nl\\\/de\\\/#organization\"},\"potentialAction\":[{\"@type\":\"SearchAction\",\"target\":{\"@type\":\"EntryPoint\",\"urlTemplate\":\"https:\\\/\\\/www.ergodesign.nl\\\/de\\\/?s={search_term_string}\"},\"query-input\":{\"@type\":\"PropertyValueSpecification\",\"valueRequired\":true,\"valueName\":\"search_term_string\"}}],\"inLanguage\":\"de\"},{\"@type\":\"Organization\",\"@id\":\"https:\\\/\\\/www.ergodesign.nl\\\/de\\\/#organization\",\"name\":\"Ergo Design\",\"url\":\"https:\\\/\\\/www.ergodesign.nl\\\/de\\\/\",\"logo\":{\"@type\":\"ImageObject\",\"inLanguage\":\"de\",\"@id\":\"https:\\\/\\\/www.ergodesign.nl\\\/de\\\/#\\\/schema\\\/logo\\\/image\\\/\",\"url\":\"https:\\\/\\\/www.ergodesign.nl\\\/wp-content\\\/uploads\\\/2023\\\/08\\\/cropped-new_logo-ergodesign-3.png\",\"contentUrl\":\"https:\\\/\\\/www.ergodesign.nl\\\/wp-content\\\/uploads\\\/2023\\\/08\\\/cropped-new_logo-ergodesign-3.png\",\"width\":200,\"height\":111,\"caption\":\"Ergo Design\"},\"image\":{\"@id\":\"https:\\\/\\\/www.ergodesign.nl\\\/de\\\/#\\\/schema\\\/logo\\\/image\\\/\"}}]}<\/script>\n<!-- \/ Yoast SEO plugin. -->","yoast_head_json":{"title":"Taktuhr & Anzeigetafel - KPIs in der Luft!","description":"Funktion der Taktuhr, die auf den Produktionsprozess angewendet wird. Lesen Sie mehr uber Taktuhr & Anzeigetafel - KPIs in der Luft!","robots":{"index":"index","follow":"follow","max-snippet":"max-snippet:-1","max-image-preview":"max-image-preview:large","max-video-preview":"max-video-preview:-1"},"canonical":"https:\/\/www.ergodesign.nl\/de\/line\/taktclock\/","og_locale":"de_DE","og_type":"article","og_title":"Taktuhr & Anzeigetafel - KPIs in der Luft!","og_description":"Funktion der Taktuhr, die auf den Produktionsprozess angewendet wird. Lesen Sie mehr uber Taktuhr & Anzeigetafel - KPIs in der Luft!","og_url":"https:\/\/www.ergodesign.nl\/de\/line\/taktclock\/","og_site_name":"Ergo Design","article_modified_time":"2018-12-05T14:56:45+00:00","og_image":[{"width":324,"height":243,"url":"https:\/\/www.ergodesign.nl\/wp-content\/uploads\/2018\/11\/Taktklok.jpg","type":"image\/jpeg"}],"twitter_card":"summary_large_image","twitter_misc":{"Gesch\u00e4tzte Lesezeit":"1\u00a0Minute"},"schema":{"@context":"https:\/\/schema.org","@graph":[{"@type":"WebPage","@id":"https:\/\/www.ergodesign.nl\/de\/line\/taktclock\/","url":"https:\/\/www.ergodesign.nl\/de\/line\/taktclock\/","name":"Taktuhr & Anzeigetafel - KPIs in der Luft!","isPartOf":{"@id":"https:\/\/www.ergodesign.nl\/de\/#website"},"primaryImageOfPage":{"@id":"https:\/\/www.ergodesign.nl\/de\/line\/taktclock\/#primaryimage"},"image":{"@id":"https:\/\/www.ergodesign.nl\/de\/line\/taktclock\/#primaryimage"},"thumbnailUrl":"https:\/\/www.ergodesign.nl\/wp-content\/uploads\/2018\/11\/Taktklok.jpg","datePublished":"2018-11-21T10:51:34+00:00","dateModified":"2018-12-05T14:56:45+00:00","description":"Funktion der Taktuhr, die auf den Produktionsprozess angewendet wird. Lesen Sie mehr uber Taktuhr & Anzeigetafel - KPIs in der Luft!","breadcrumb":{"@id":"https:\/\/www.ergodesign.nl\/de\/line\/taktclock\/#breadcrumb"},"inLanguage":"de","potentialAction":[{"@type":"ReadAction","target":["https:\/\/www.ergodesign.nl\/de\/line\/taktclock\/"]}]},{"@type":"ImageObject","inLanguage":"de","@id":"https:\/\/www.ergodesign.nl\/de\/line\/taktclock\/#primaryimage","url":"https:\/\/www.ergodesign.nl\/wp-content\/uploads\/2018\/11\/Taktklok.jpg","contentUrl":"https:\/\/www.ergodesign.nl\/wp-content\/uploads\/2018\/11\/Taktklok.jpg","width":324,"height":243,"caption":"Taktklok"},{"@type":"BreadcrumbList","@id":"https:\/\/www.ergodesign.nl\/de\/line\/taktclock\/#breadcrumb","itemListElement":[{"@type":"ListItem","position":1,"name":"Home","item":"https:\/\/www.ergodesign.nl\/de\/"},{"@type":"ListItem","position":2,"name":"Line","item":"https:\/\/www.ergodesign.nl\/de\/line\/"},{"@type":"ListItem","position":3,"name":"Taktuhr"}]},{"@type":"WebSite","@id":"https:\/\/www.ergodesign.nl\/de\/#website","url":"https:\/\/www.ergodesign.nl\/de\/","name":"Ergo Design","description":"logistieke simulatie","publisher":{"@id":"https:\/\/www.ergodesign.nl\/de\/#organization"},"potentialAction":[{"@type":"SearchAction","target":{"@type":"EntryPoint","urlTemplate":"https:\/\/www.ergodesign.nl\/de\/?s={search_term_string}"},"query-input":{"@type":"PropertyValueSpecification","valueRequired":true,"valueName":"search_term_string"}}],"inLanguage":"de"},{"@type":"Organization","@id":"https:\/\/www.ergodesign.nl\/de\/#organization","name":"Ergo Design","url":"https:\/\/www.ergodesign.nl\/de\/","logo":{"@type":"ImageObject","inLanguage":"de","@id":"https:\/\/www.ergodesign.nl\/de\/#\/schema\/logo\/image\/","url":"https:\/\/www.ergodesign.nl\/wp-content\/uploads\/2023\/08\/cropped-new_logo-ergodesign-3.png","contentUrl":"https:\/\/www.ergodesign.nl\/wp-content\/uploads\/2023\/08\/cropped-new_logo-ergodesign-3.png","width":200,"height":111,"caption":"Ergo Design"},"image":{"@id":"https:\/\/www.ergodesign.nl\/de\/#\/schema\/logo\/image\/"}}]}},"_links":{"self":[{"href":"https:\/\/www.ergodesign.nl\/de\/wp-json\/wp\/v2\/pages\/635","targetHints":{"allow":["GET"]}}],"collection":[{"href":"https:\/\/www.ergodesign.nl\/de\/wp-json\/wp\/v2\/pages"}],"about":[{"href":"https:\/\/www.ergodesign.nl\/de\/wp-json\/wp\/v2\/types\/page"}],"author":[{"embeddable":true,"href":"https:\/\/www.ergodesign.nl\/de\/wp-json\/wp\/v2\/users\/1"}],"replies":[{"embeddable":true,"href":"https:\/\/www.ergodesign.nl\/de\/wp-json\/wp\/v2\/comments?post=635"}],"version-history":[{"count":0,"href":"https:\/\/www.ergodesign.nl\/de\/wp-json\/wp\/v2\/pages\/635\/revisions"}],"up":[{"embeddable":true,"href":"https:\/\/www.ergodesign.nl\/de\/wp-json\/wp\/v2\/pages\/623"}],"wp:featuredmedia":[{"embeddable":true,"href":"https:\/\/www.ergodesign.nl\/de\/wp-json\/wp\/v2\/media\/278"}],"wp:attachment":[{"href":"https:\/\/www.ergodesign.nl\/de\/wp-json\/wp\/v2\/media?parent=635"}],"curies":[{"name":"wp","href":"https:\/\/api.w.org\/{rel}","templated":true}]}}