{"id":621,"date":"2018-11-21T11:35:45","date_gmt":"2018-11-21T10:35:45","guid":{"rendered":"https:\/\/www.ergodesign.nl\/?page_id=621"},"modified":"2018-12-05T15:56:55","modified_gmt":"2018-12-05T14:56:55","slug":"ergonomics","status":"publish","type":"page","link":"https:\/\/www.ergodesign.nl\/de\/cell\/ergonomics\/","title":{"rendered":"Ergonomie"},"content":{"rendered":"<h1><img decoding=\"async\" class=\"size-medium wp-image-267 alignleft\" src=\"https:\/\/www.ergodesign.nl\/wp-content\/uploads\/2018\/11\/Ergonomie-300x225.jpg\" alt=\"Ergonomischer Arbeitsplatz\" width=\"300\" height=\"225\" srcset=\"https:\/\/www.ergodesign.nl\/wp-content\/uploads\/2018\/11\/Ergonomie-300x225.jpg 300w, https:\/\/www.ergodesign.nl\/wp-content\/uploads\/2018\/11\/Ergonomie.jpg 324w\" sizes=\"(max-width: 300px) 100vw, 300px\" \/>Ergonomischer Arbeitsplatz: Mensch zentral<\/h1>\n<p>Wenn der Mensch eine zentrale Rolle in einer (Linien-)Station spielt, nennen wir das einen Arbeitsplatz. Wir sehen uns regelm\u00e4\u00dfig mit Problemen infolge von schlechter Ergonomie am Arbeitsplatz konfrontiert. Unser Ziel ist es, diese so schnell wie m\u00f6glich zu beheben, aber noch besser ist es nat\u00fcrlich, die Probleme zu vermeiden. Pr\u00e4vention durch gute Arbeitsplatzplanung sollte das Grundprinzip sein. Mithilfe einer Aufgabenanalyse und -zuweisung wird bestimmt, welche Aufgaben von Menschen und welche von Maschinen \u00fcbernommen werden. Dann wird der Arbeitsplatz in Absprache mit Ihren Mitarbeitern geplant, wobei technische und ergonomische Anforderungen ber\u00fccksichtigt werden. \u201cDie Aufgaben f\u00fcr Menschen m\u00fcssen ein koh\u00e4rentes Ganzes ergeben, nicht \u00fcberlastend sein und angemessen, mit der vorgesehenen T\u00e4tigkeit ausge\u00fcbt werden. Die Arbeitsplatzabmessungen sollten dem Personal angepasst werden (Anthropometrie &#8211; Siehe linkes Bild &#8211; dined TU-Delft). Der Bediener muss ausreichend und richtige Informationen auf den Bildschirm erhalten. Zus\u00e4tzlich zu Sicherheit, Gesundheit und Effizienz profitiert auch Ihr Image als Arbeitgeber. Mitarbeiter, die bis 67 oder noch l\u00e4nger arbeiten, verdeutlichen die Bedeutung von guter Ergonomie umso mehr. Beim Planen von Fertigungs- und Logistikoperationen haben wir umfassende Erfahrung beim Anpassen von Arbeitsumgebung und Werkzeugen an die menschlichen M\u00f6glichkeiten. Unsere eingetragenen Ergonomisten und Wirtschaftsingenieure stehen Ihnen gern zur Seite.<\/p>\n<h2>Bewertung k\u00f6rperlicher Belastung<\/h2>\n<p>Eine quantitative Konkretisierung der k\u00f6rperlichen Belastung und m\u00f6glicher Verbesserungen kann erforderlich sein, um Investitionen in den Arbeitsplatz\/die Werkzeugausstattung zu motivieren. Unter Aufsicht eines Experten und mit der richtigen Methode kann k\u00f6rperliche Belastung in einer objektiven Bewertung ausgedr\u00fcckt werden. \u00dcber die Jahre haben wir viele k\u00f6rperlich anstrengende T\u00e4tigkeiten beurteilt und verbessert. Es werden viele Bewertungsmethoden benutzt, (z. B. NIOSH \/ EAWS \/ AAWS \/ AWS light \/ Lastprofile) um die Belastung objektiv zu bestimmen und diese an die (beschr\u00e4nkte) Kapazit\u00e4t des Personals anzupassen (einschlie\u00dflich Profilsystem f\u00fcr Scania). Nat\u00fcrlich wird auch die subjektive Erfahrung der Mitarbeiter ber\u00fccksichtigt.<\/p>\n<h3>Ergonomie-Training f\u00fcr Ingenieure, die auf den besten ergonomischen Arbeitsplatz abzielen<\/h3>\n<p>Die Gesellschaft f\u00fcr Ergonomie (NVvE) definiert Ergonomie wie folgt: &#8222;Die Wissenschaft der Ergonomie betrifft die Interaktion zwischen Menschen und der geplanten technischen und organisatorischen Umgebung. Bei der Produktergonomie streben wir nach der Entwicklung benutzerfreundlicher Produkte, bei der Produktionsergonomie entwickeln wir menschenfreundliche (Produktions-)Prozesse.<\/p>\n<p>Zus\u00e4tzlich zu sozialen Zielen kann Ergonomie auch zu den wirtschaftlichen Zielen eines Unternehmens beitragen. Mit menschenfreundlichen Produktionsprozessen kann ein Unternehmen die Produktivit\u00e4t steigern und so bedeutende Kostenersparnisse erzielen. Aufgrund des wachsenden Bewusstseins f\u00fcr die Bedeutung von Menschen (Kunden und Personal) sowie f\u00fcr den Erfolg von Unternehmen kann Ergonomie durchaus strategischen Wert f\u00fcr die Gesch\u00e4ftsf\u00fchrung haben.<\/p>\n<p>Unsere eingetragenen Ergonomisten (Eur.Erg.) geben seit vielen Jahren unternehmensintern Kurse im Bereich \u201cErgonomie und Produktionseffizienz\u201d. Das sind praktische Kurse f\u00fcr Unternehmen wie Philips, Scania, DAF, Holec, Bosch, Shell, NAM, etc. Die Teilnehmer sind gr\u00f6\u00dftenteils Prozessingenieure, Produktions- oder Fertigungsingenieure, Wirtschaftsingenieure und Gesundheitsschutzpersonal. Gern besprechen wir Ihre W\u00fcnsche und unterbreiten Ihnen ein Angebot. Beispiele daf\u00fcr sind:<\/p>\n<ul>\n<li>&#8222;Ergonomiebewusstsein in der Produktionsumgebung&#8220; &#8211; 1 Tag<\/li>\n<li>&#8222;Ergonomie und Effizienz in der Produktionsumgebung&#8220; &#8211; 2-4 Tage<\/li>\n<li>Hintergrund und Nutzung von EAWS (European Assembly Worksheet) &#8211; 2-4 Tage<\/li>\n<li>Nutzung von AWS light &#8211; 1 Tage<\/li>\n<\/ul>\n","protected":false},"excerpt":{"rendered":"<p>Ergonomischer Arbeitsplatz: Mensch zentral Wenn der Mensch eine zentrale Rolle [&hellip;]<\/p>\n","protected":false},"author":1,"featured_media":269,"parent":611,"menu_order":0,"comment_status":"closed","ping_status":"closed","template":"","meta":{"footnotes":""},"class_list":["post-621","page","type-page","status-publish","has-post-thumbnail","hentry"],"yoast_head":"<!-- This site is optimized with the Yoast SEO plugin v27.5 - https:\/\/yoast.com\/product\/yoast-seo-wordpress\/ -->\n<title>Ergonomischer Arbeitsplatz und das Mensch zentral<\/title>\n<meta name=\"description\" content=\"Ein Ergonomie-Training f\u00fcr Ingenieure, die auf den besten ergonomischen Arbeitsplatz abzielen.\" \/>\n<meta name=\"robots\" content=\"index, follow, max-snippet:-1, max-image-preview:large, max-video-preview:-1\" \/>\n<link rel=\"canonical\" href=\"https:\/\/www.ergodesign.nl\/de\/cell\/ergonomics\/\" \/>\n<meta property=\"og:locale\" content=\"de_DE\" \/>\n<meta property=\"og:type\" content=\"article\" \/>\n<meta property=\"og:title\" content=\"Ergonomischer Arbeitsplatz und das Mensch zentral\" \/>\n<meta property=\"og:description\" content=\"Ein Ergonomie-Training f\u00fcr Ingenieure, die auf den besten ergonomischen Arbeitsplatz abzielen.\" \/>\n<meta property=\"og:url\" content=\"https:\/\/www.ergodesign.nl\/de\/cell\/ergonomics\/\" \/>\n<meta property=\"og:site_name\" content=\"Ergo Design\" \/>\n<meta property=\"article:modified_time\" content=\"2018-12-05T14:56:55+00:00\" \/>\n<meta property=\"og:image\" content=\"https:\/\/www.ergodesign.nl\/wp-content\/uploads\/2018\/11\/Ergonomie.jpg\" \/>\n\t<meta property=\"og:image:width\" content=\"324\" \/>\n\t<meta property=\"og:image:height\" content=\"243\" \/>\n\t<meta property=\"og:image:type\" content=\"image\/jpeg\" \/>\n<meta name=\"twitter:card\" content=\"summary_large_image\" \/>\n<meta name=\"twitter:label1\" content=\"Gesch\u00e4tzte Lesezeit\" \/>\n\t<meta name=\"twitter:data1\" content=\"3\u00a0Minuten\" \/>\n<script type=\"application\/ld+json\" class=\"yoast-schema-graph\">{\"@context\":\"https:\\\/\\\/schema.org\",\"@graph\":[{\"@type\":\"WebPage\",\"@id\":\"https:\\\/\\\/www.ergodesign.nl\\\/de\\\/cell\\\/ergonomics\\\/\",\"url\":\"https:\\\/\\\/www.ergodesign.nl\\\/de\\\/cell\\\/ergonomics\\\/\",\"name\":\"Ergonomischer Arbeitsplatz und das Mensch zentral\",\"isPartOf\":{\"@id\":\"https:\\\/\\\/www.ergodesign.nl\\\/de\\\/#website\"},\"primaryImageOfPage\":{\"@id\":\"https:\\\/\\\/www.ergodesign.nl\\\/de\\\/cell\\\/ergonomics\\\/#primaryimage\"},\"image\":{\"@id\":\"https:\\\/\\\/www.ergodesign.nl\\\/de\\\/cell\\\/ergonomics\\\/#primaryimage\"},\"thumbnailUrl\":\"https:\\\/\\\/www.ergodesign.nl\\\/wp-content\\\/uploads\\\/2018\\\/11\\\/Ergonomie.jpg\",\"datePublished\":\"2018-11-21T10:35:45+00:00\",\"dateModified\":\"2018-12-05T14:56:55+00:00\",\"description\":\"Ein Ergonomie-Training f\u00fcr Ingenieure, die auf den besten ergonomischen Arbeitsplatz abzielen.\",\"breadcrumb\":{\"@id\":\"https:\\\/\\\/www.ergodesign.nl\\\/de\\\/cell\\\/ergonomics\\\/#breadcrumb\"},\"inLanguage\":\"de\",\"potentialAction\":[{\"@type\":\"ReadAction\",\"target\":[\"https:\\\/\\\/www.ergodesign.nl\\\/de\\\/cell\\\/ergonomics\\\/\"]}]},{\"@type\":\"ImageObject\",\"inLanguage\":\"de\",\"@id\":\"https:\\\/\\\/www.ergodesign.nl\\\/de\\\/cell\\\/ergonomics\\\/#primaryimage\",\"url\":\"https:\\\/\\\/www.ergodesign.nl\\\/wp-content\\\/uploads\\\/2018\\\/11\\\/Ergonomie.jpg\",\"contentUrl\":\"https:\\\/\\\/www.ergodesign.nl\\\/wp-content\\\/uploads\\\/2018\\\/11\\\/Ergonomie.jpg\",\"width\":324,\"height\":243,\"caption\":\"Ergonomische werkplek\"},{\"@type\":\"BreadcrumbList\",\"@id\":\"https:\\\/\\\/www.ergodesign.nl\\\/de\\\/cell\\\/ergonomics\\\/#breadcrumb\",\"itemListElement\":[{\"@type\":\"ListItem\",\"position\":1,\"name\":\"Home\",\"item\":\"https:\\\/\\\/www.ergodesign.nl\\\/de\\\/\"},{\"@type\":\"ListItem\",\"position\":2,\"name\":\"Cell\",\"item\":\"https:\\\/\\\/www.ergodesign.nl\\\/de\\\/cell\\\/\"},{\"@type\":\"ListItem\",\"position\":3,\"name\":\"Ergonomie\"}]},{\"@type\":\"WebSite\",\"@id\":\"https:\\\/\\\/www.ergodesign.nl\\\/de\\\/#website\",\"url\":\"https:\\\/\\\/www.ergodesign.nl\\\/de\\\/\",\"name\":\"Ergo Design\",\"description\":\"logistieke simulatie\",\"publisher\":{\"@id\":\"https:\\\/\\\/www.ergodesign.nl\\\/de\\\/#organization\"},\"potentialAction\":[{\"@type\":\"SearchAction\",\"target\":{\"@type\":\"EntryPoint\",\"urlTemplate\":\"https:\\\/\\\/www.ergodesign.nl\\\/de\\\/?s={search_term_string}\"},\"query-input\":{\"@type\":\"PropertyValueSpecification\",\"valueRequired\":true,\"valueName\":\"search_term_string\"}}],\"inLanguage\":\"de\"},{\"@type\":\"Organization\",\"@id\":\"https:\\\/\\\/www.ergodesign.nl\\\/de\\\/#organization\",\"name\":\"Ergo Design\",\"url\":\"https:\\\/\\\/www.ergodesign.nl\\\/de\\\/\",\"logo\":{\"@type\":\"ImageObject\",\"inLanguage\":\"de\",\"@id\":\"https:\\\/\\\/www.ergodesign.nl\\\/de\\\/#\\\/schema\\\/logo\\\/image\\\/\",\"url\":\"https:\\\/\\\/www.ergodesign.nl\\\/wp-content\\\/uploads\\\/2023\\\/08\\\/cropped-new_logo-ergodesign-3.png\",\"contentUrl\":\"https:\\\/\\\/www.ergodesign.nl\\\/wp-content\\\/uploads\\\/2023\\\/08\\\/cropped-new_logo-ergodesign-3.png\",\"width\":200,\"height\":111,\"caption\":\"Ergo Design\"},\"image\":{\"@id\":\"https:\\\/\\\/www.ergodesign.nl\\\/de\\\/#\\\/schema\\\/logo\\\/image\\\/\"}}]}<\/script>\n<!-- \/ Yoast SEO plugin. -->","yoast_head_json":{"title":"Ergonomischer Arbeitsplatz und das Mensch zentral","description":"Ein Ergonomie-Training f\u00fcr Ingenieure, die auf den besten ergonomischen Arbeitsplatz abzielen.","robots":{"index":"index","follow":"follow","max-snippet":"max-snippet:-1","max-image-preview":"max-image-preview:large","max-video-preview":"max-video-preview:-1"},"canonical":"https:\/\/www.ergodesign.nl\/de\/cell\/ergonomics\/","og_locale":"de_DE","og_type":"article","og_title":"Ergonomischer Arbeitsplatz und das Mensch zentral","og_description":"Ein Ergonomie-Training f\u00fcr Ingenieure, die auf den besten ergonomischen Arbeitsplatz abzielen.","og_url":"https:\/\/www.ergodesign.nl\/de\/cell\/ergonomics\/","og_site_name":"Ergo Design","article_modified_time":"2018-12-05T14:56:55+00:00","og_image":[{"width":324,"height":243,"url":"https:\/\/www.ergodesign.nl\/wp-content\/uploads\/2018\/11\/Ergonomie.jpg","type":"image\/jpeg"}],"twitter_card":"summary_large_image","twitter_misc":{"Gesch\u00e4tzte Lesezeit":"3\u00a0Minuten"},"schema":{"@context":"https:\/\/schema.org","@graph":[{"@type":"WebPage","@id":"https:\/\/www.ergodesign.nl\/de\/cell\/ergonomics\/","url":"https:\/\/www.ergodesign.nl\/de\/cell\/ergonomics\/","name":"Ergonomischer Arbeitsplatz und das Mensch zentral","isPartOf":{"@id":"https:\/\/www.ergodesign.nl\/de\/#website"},"primaryImageOfPage":{"@id":"https:\/\/www.ergodesign.nl\/de\/cell\/ergonomics\/#primaryimage"},"image":{"@id":"https:\/\/www.ergodesign.nl\/de\/cell\/ergonomics\/#primaryimage"},"thumbnailUrl":"https:\/\/www.ergodesign.nl\/wp-content\/uploads\/2018\/11\/Ergonomie.jpg","datePublished":"2018-11-21T10:35:45+00:00","dateModified":"2018-12-05T14:56:55+00:00","description":"Ein Ergonomie-Training f\u00fcr Ingenieure, die auf den besten ergonomischen Arbeitsplatz abzielen.","breadcrumb":{"@id":"https:\/\/www.ergodesign.nl\/de\/cell\/ergonomics\/#breadcrumb"},"inLanguage":"de","potentialAction":[{"@type":"ReadAction","target":["https:\/\/www.ergodesign.nl\/de\/cell\/ergonomics\/"]}]},{"@type":"ImageObject","inLanguage":"de","@id":"https:\/\/www.ergodesign.nl\/de\/cell\/ergonomics\/#primaryimage","url":"https:\/\/www.ergodesign.nl\/wp-content\/uploads\/2018\/11\/Ergonomie.jpg","contentUrl":"https:\/\/www.ergodesign.nl\/wp-content\/uploads\/2018\/11\/Ergonomie.jpg","width":324,"height":243,"caption":"Ergonomische werkplek"},{"@type":"BreadcrumbList","@id":"https:\/\/www.ergodesign.nl\/de\/cell\/ergonomics\/#breadcrumb","itemListElement":[{"@type":"ListItem","position":1,"name":"Home","item":"https:\/\/www.ergodesign.nl\/de\/"},{"@type":"ListItem","position":2,"name":"Cell","item":"https:\/\/www.ergodesign.nl\/de\/cell\/"},{"@type":"ListItem","position":3,"name":"Ergonomie"}]},{"@type":"WebSite","@id":"https:\/\/www.ergodesign.nl\/de\/#website","url":"https:\/\/www.ergodesign.nl\/de\/","name":"Ergo Design","description":"logistieke simulatie","publisher":{"@id":"https:\/\/www.ergodesign.nl\/de\/#organization"},"potentialAction":[{"@type":"SearchAction","target":{"@type":"EntryPoint","urlTemplate":"https:\/\/www.ergodesign.nl\/de\/?s={search_term_string}"},"query-input":{"@type":"PropertyValueSpecification","valueRequired":true,"valueName":"search_term_string"}}],"inLanguage":"de"},{"@type":"Organization","@id":"https:\/\/www.ergodesign.nl\/de\/#organization","name":"Ergo Design","url":"https:\/\/www.ergodesign.nl\/de\/","logo":{"@type":"ImageObject","inLanguage":"de","@id":"https:\/\/www.ergodesign.nl\/de\/#\/schema\/logo\/image\/","url":"https:\/\/www.ergodesign.nl\/wp-content\/uploads\/2023\/08\/cropped-new_logo-ergodesign-3.png","contentUrl":"https:\/\/www.ergodesign.nl\/wp-content\/uploads\/2023\/08\/cropped-new_logo-ergodesign-3.png","width":200,"height":111,"caption":"Ergo Design"},"image":{"@id":"https:\/\/www.ergodesign.nl\/de\/#\/schema\/logo\/image\/"}}]}},"_links":{"self":[{"href":"https:\/\/www.ergodesign.nl\/de\/wp-json\/wp\/v2\/pages\/621","targetHints":{"allow":["GET"]}}],"collection":[{"href":"https:\/\/www.ergodesign.nl\/de\/wp-json\/wp\/v2\/pages"}],"about":[{"href":"https:\/\/www.ergodesign.nl\/de\/wp-json\/wp\/v2\/types\/page"}],"author":[{"embeddable":true,"href":"https:\/\/www.ergodesign.nl\/de\/wp-json\/wp\/v2\/users\/1"}],"replies":[{"embeddable":true,"href":"https:\/\/www.ergodesign.nl\/de\/wp-json\/wp\/v2\/comments?post=621"}],"version-history":[{"count":0,"href":"https:\/\/www.ergodesign.nl\/de\/wp-json\/wp\/v2\/pages\/621\/revisions"}],"up":[{"embeddable":true,"href":"https:\/\/www.ergodesign.nl\/de\/wp-json\/wp\/v2\/pages\/611"}],"wp:featuredmedia":[{"embeddable":true,"href":"https:\/\/www.ergodesign.nl\/de\/wp-json\/wp\/v2\/media\/269"}],"wp:attachment":[{"href":"https:\/\/www.ergodesign.nl\/de\/wp-json\/wp\/v2\/media?parent=621"}],"curies":[{"name":"wp","href":"https:\/\/api.w.org\/{rel}","templated":true}]}}