{"id":606,"date":"2018-11-21T11:15:58","date_gmt":"2018-11-21T10:15:58","guid":{"rendered":"https:\/\/www.ergodesign.nl\/?page_id=606"},"modified":"2018-12-05T15:58:15","modified_gmt":"2018-12-05T14:58:15","slug":"bei-ergo-design-arbeiten","status":"publish","type":"page","link":"https:\/\/www.ergodesign.nl\/de\/uber-uns\/bei-ergo-design-arbeiten\/","title":{"rendered":"Arbeiten Bei Ergo-Design"},"content":{"rendered":"<h1>Team<\/h1>\n<p>Bei Ergo-Design arbeiten bedeutet, zum Erfolg unserer Kunden beitragen. Auf Grundlage der Strategie der Kundenn\u00e4he liegt der Schwerpunkt auf: Verst\u00e4ndnis f\u00fcr die Herausforderungen unserer Kunden und Zusammenarbeit mit ihnen, um zu soliden L\u00f6sungen zu gelangen. Bei Ergo-Design zu arbeiten bedeutet, dass hohe Anforderungen an unsere Professionalit\u00e4t und Kollaborationsf\u00e4higkeit gestellt werden. Wir erwarten von unseren Angestellten auch Unternehmertum: M\u00f6glichkeiten sehen und wahrnehmen.<\/p>\n<p>Man braucht zahlreiche Kompetenzen und F\u00e4higkeiten, ist aber dabei nicht allein: Die Projekte werden in Teams abgewickelt. Man hat viel Raum um sich gegenseitig zu verst\u00e4rken, zu Lernen, aber auch Kritik. Ergo-Design kann intern als geschlossenes Team von Fachleuten und als informelle Organisation verstanden werden. Erfolge werden gefeiert und im Team geteilt.<\/p>\n<h2>Werte<\/h2>\n<p>Ergo-Design stellt sich selbst mit folgenden Kernwerten vor:<\/p>\n<ul>\n<li>Innovativ: Wir entwickeln bahnbrechende, intelligente L\u00f6sungen f\u00fcr unsere Kunden mit einer Leidenschaft.<\/li>\n<li>Verantwortungsbewusst: Wir verfolgen einen transparenten und gut fundierten Ansatz und wir tun, was wir sagen.<\/li>\n<li>Service: Wir suchen aktiv nach Kooperation und sind flexibel und kundenorientiert.<\/li>\n<\/ul>\n<h3>Entwicklung<\/h3>\n<p>Die Mitarbeiter Ergo-Design freuen sich sehr \u00fcber ihre Freiheit bei der Planung der Arbeitswoche, der Heimarbeit und der Abwechslung dank unterschiedlicher Projekte und Kunden. Auf diese Weise kann jeder seinen optimalen Ausgleich zwischen Arbeit und Privatleben, Herausforderungen und Unterhaltung finden.<\/p>\n<p>Neue Mitarbeiter werden von erfahrenen Kollegen in die Implementierung der Projekte und die Verfolgung des Ergo-Design-Ansatzes eingearbeitet. Standards, die auf Grundlage langj\u00e4hriger Erfahrung bestimmt wurden, sind der Schl\u00fcssel dazu. In der Beratung bestimmen wir f\u00fcr jeden Mitarbeiter, welche Fertigkeiten er sp\u00e4ter noch entwickeln muss. Dies wird in einem pers\u00f6nlichen Entwicklungsplan aufgezeichnet und nachverfolgt. So k\u00f6nnen wir unseren Kunden immer ein attraktiver und aktiver professioneller Dienstleister sein.<\/p>\n","protected":false},"excerpt":{"rendered":"<p>Team Bei Ergo-Design arbeiten bedeutet, zum Erfolg unserer Kunden beitragen. [&hellip;]<\/p>\n","protected":false},"author":1,"featured_media":0,"parent":586,"menu_order":0,"comment_status":"closed","ping_status":"closed","template":"","meta":{"footnotes":""},"class_list":["post-606","page","type-page","status-publish","hentry"],"yoast_head":"<!-- This site is optimized with the Yoast SEO plugin v27.5 - https:\/\/yoast.com\/product\/yoast-seo-wordpress\/ -->\n<title>Was bedeutet arbeiten Bei Ergo-Design?<\/title>\n<meta name=\"description\" content=\"Bei Ergo-Design arbeiten bedeutet, zum Erfolg unserer Kunden beitragen. Auf Grundlage der Strategie der Kundenn\u00e4he liegt der Schwerpunkt auf\" \/>\n<meta name=\"robots\" content=\"index, follow, max-snippet:-1, max-image-preview:large, max-video-preview:-1\" \/>\n<link rel=\"canonical\" href=\"https:\/\/www.ergodesign.nl\/de\/uber-uns\/bei-ergo-design-arbeiten\/\" \/>\n<meta property=\"og:locale\" content=\"de_DE\" \/>\n<meta property=\"og:type\" content=\"article\" \/>\n<meta property=\"og:title\" content=\"Was bedeutet arbeiten Bei Ergo-Design?\" \/>\n<meta property=\"og:description\" content=\"Bei Ergo-Design arbeiten bedeutet, zum Erfolg unserer Kunden beitragen. Auf Grundlage der Strategie der Kundenn\u00e4he liegt der Schwerpunkt auf\" \/>\n<meta property=\"og:url\" content=\"https:\/\/www.ergodesign.nl\/de\/uber-uns\/bei-ergo-design-arbeiten\/\" \/>\n<meta property=\"og:site_name\" content=\"Ergo Design\" \/>\n<meta property=\"article:modified_time\" content=\"2018-12-05T14:58:15+00:00\" \/>\n<meta name=\"twitter:card\" content=\"summary_large_image\" \/>\n<meta name=\"twitter:label1\" content=\"Gesch\u00e4tzte Lesezeit\" \/>\n\t<meta name=\"twitter:data1\" content=\"1\u00a0Minute\" \/>\n<script type=\"application\/ld+json\" class=\"yoast-schema-graph\">{\"@context\":\"https:\\\/\\\/schema.org\",\"@graph\":[{\"@type\":\"WebPage\",\"@id\":\"https:\\\/\\\/www.ergodesign.nl\\\/de\\\/uber-uns\\\/bei-ergo-design-arbeiten\\\/\",\"url\":\"https:\\\/\\\/www.ergodesign.nl\\\/de\\\/uber-uns\\\/bei-ergo-design-arbeiten\\\/\",\"name\":\"Was bedeutet arbeiten Bei Ergo-Design?\",\"isPartOf\":{\"@id\":\"https:\\\/\\\/www.ergodesign.nl\\\/de\\\/#website\"},\"datePublished\":\"2018-11-21T10:15:58+00:00\",\"dateModified\":\"2018-12-05T14:58:15+00:00\",\"description\":\"Bei Ergo-Design arbeiten bedeutet, zum Erfolg unserer Kunden beitragen. Auf Grundlage der Strategie der Kundenn\u00e4he liegt der Schwerpunkt auf\",\"breadcrumb\":{\"@id\":\"https:\\\/\\\/www.ergodesign.nl\\\/de\\\/uber-uns\\\/bei-ergo-design-arbeiten\\\/#breadcrumb\"},\"inLanguage\":\"de\",\"potentialAction\":[{\"@type\":\"ReadAction\",\"target\":[\"https:\\\/\\\/www.ergodesign.nl\\\/de\\\/uber-uns\\\/bei-ergo-design-arbeiten\\\/\"]}]},{\"@type\":\"BreadcrumbList\",\"@id\":\"https:\\\/\\\/www.ergodesign.nl\\\/de\\\/uber-uns\\\/bei-ergo-design-arbeiten\\\/#breadcrumb\",\"itemListElement\":[{\"@type\":\"ListItem\",\"position\":1,\"name\":\"Home\",\"item\":\"https:\\\/\\\/www.ergodesign.nl\\\/de\\\/\"},{\"@type\":\"ListItem\",\"position\":2,\"name\":\"Uber uns\",\"item\":\"https:\\\/\\\/www.ergodesign.nl\\\/de\\\/uber-uns\\\/\"},{\"@type\":\"ListItem\",\"position\":3,\"name\":\"Arbeiten Bei Ergo-Design\"}]},{\"@type\":\"WebSite\",\"@id\":\"https:\\\/\\\/www.ergodesign.nl\\\/de\\\/#website\",\"url\":\"https:\\\/\\\/www.ergodesign.nl\\\/de\\\/\",\"name\":\"Ergo Design\",\"description\":\"logistieke simulatie\",\"publisher\":{\"@id\":\"https:\\\/\\\/www.ergodesign.nl\\\/de\\\/#organization\"},\"potentialAction\":[{\"@type\":\"SearchAction\",\"target\":{\"@type\":\"EntryPoint\",\"urlTemplate\":\"https:\\\/\\\/www.ergodesign.nl\\\/de\\\/?s={search_term_string}\"},\"query-input\":{\"@type\":\"PropertyValueSpecification\",\"valueRequired\":true,\"valueName\":\"search_term_string\"}}],\"inLanguage\":\"de\"},{\"@type\":\"Organization\",\"@id\":\"https:\\\/\\\/www.ergodesign.nl\\\/de\\\/#organization\",\"name\":\"Ergo Design\",\"url\":\"https:\\\/\\\/www.ergodesign.nl\\\/de\\\/\",\"logo\":{\"@type\":\"ImageObject\",\"inLanguage\":\"de\",\"@id\":\"https:\\\/\\\/www.ergodesign.nl\\\/de\\\/#\\\/schema\\\/logo\\\/image\\\/\",\"url\":\"https:\\\/\\\/www.ergodesign.nl\\\/wp-content\\\/uploads\\\/2023\\\/08\\\/cropped-new_logo-ergodesign-3.png\",\"contentUrl\":\"https:\\\/\\\/www.ergodesign.nl\\\/wp-content\\\/uploads\\\/2023\\\/08\\\/cropped-new_logo-ergodesign-3.png\",\"width\":200,\"height\":111,\"caption\":\"Ergo Design\"},\"image\":{\"@id\":\"https:\\\/\\\/www.ergodesign.nl\\\/de\\\/#\\\/schema\\\/logo\\\/image\\\/\"}}]}<\/script>\n<!-- \/ Yoast SEO plugin. -->","yoast_head_json":{"title":"Was bedeutet arbeiten Bei Ergo-Design?","description":"Bei Ergo-Design arbeiten bedeutet, zum Erfolg unserer Kunden beitragen. Auf Grundlage der Strategie der Kundenn\u00e4he liegt der Schwerpunkt auf","robots":{"index":"index","follow":"follow","max-snippet":"max-snippet:-1","max-image-preview":"max-image-preview:large","max-video-preview":"max-video-preview:-1"},"canonical":"https:\/\/www.ergodesign.nl\/de\/uber-uns\/bei-ergo-design-arbeiten\/","og_locale":"de_DE","og_type":"article","og_title":"Was bedeutet arbeiten Bei Ergo-Design?","og_description":"Bei Ergo-Design arbeiten bedeutet, zum Erfolg unserer Kunden beitragen. Auf Grundlage der Strategie der Kundenn\u00e4he liegt der Schwerpunkt auf","og_url":"https:\/\/www.ergodesign.nl\/de\/uber-uns\/bei-ergo-design-arbeiten\/","og_site_name":"Ergo Design","article_modified_time":"2018-12-05T14:58:15+00:00","twitter_card":"summary_large_image","twitter_misc":{"Gesch\u00e4tzte Lesezeit":"1\u00a0Minute"},"schema":{"@context":"https:\/\/schema.org","@graph":[{"@type":"WebPage","@id":"https:\/\/www.ergodesign.nl\/de\/uber-uns\/bei-ergo-design-arbeiten\/","url":"https:\/\/www.ergodesign.nl\/de\/uber-uns\/bei-ergo-design-arbeiten\/","name":"Was bedeutet arbeiten Bei Ergo-Design?","isPartOf":{"@id":"https:\/\/www.ergodesign.nl\/de\/#website"},"datePublished":"2018-11-21T10:15:58+00:00","dateModified":"2018-12-05T14:58:15+00:00","description":"Bei Ergo-Design arbeiten bedeutet, zum Erfolg unserer Kunden beitragen. Auf Grundlage der Strategie der Kundenn\u00e4he liegt der Schwerpunkt auf","breadcrumb":{"@id":"https:\/\/www.ergodesign.nl\/de\/uber-uns\/bei-ergo-design-arbeiten\/#breadcrumb"},"inLanguage":"de","potentialAction":[{"@type":"ReadAction","target":["https:\/\/www.ergodesign.nl\/de\/uber-uns\/bei-ergo-design-arbeiten\/"]}]},{"@type":"BreadcrumbList","@id":"https:\/\/www.ergodesign.nl\/de\/uber-uns\/bei-ergo-design-arbeiten\/#breadcrumb","itemListElement":[{"@type":"ListItem","position":1,"name":"Home","item":"https:\/\/www.ergodesign.nl\/de\/"},{"@type":"ListItem","position":2,"name":"Uber uns","item":"https:\/\/www.ergodesign.nl\/de\/uber-uns\/"},{"@type":"ListItem","position":3,"name":"Arbeiten Bei Ergo-Design"}]},{"@type":"WebSite","@id":"https:\/\/www.ergodesign.nl\/de\/#website","url":"https:\/\/www.ergodesign.nl\/de\/","name":"Ergo Design","description":"logistieke simulatie","publisher":{"@id":"https:\/\/www.ergodesign.nl\/de\/#organization"},"potentialAction":[{"@type":"SearchAction","target":{"@type":"EntryPoint","urlTemplate":"https:\/\/www.ergodesign.nl\/de\/?s={search_term_string}"},"query-input":{"@type":"PropertyValueSpecification","valueRequired":true,"valueName":"search_term_string"}}],"inLanguage":"de"},{"@type":"Organization","@id":"https:\/\/www.ergodesign.nl\/de\/#organization","name":"Ergo Design","url":"https:\/\/www.ergodesign.nl\/de\/","logo":{"@type":"ImageObject","inLanguage":"de","@id":"https:\/\/www.ergodesign.nl\/de\/#\/schema\/logo\/image\/","url":"https:\/\/www.ergodesign.nl\/wp-content\/uploads\/2023\/08\/cropped-new_logo-ergodesign-3.png","contentUrl":"https:\/\/www.ergodesign.nl\/wp-content\/uploads\/2023\/08\/cropped-new_logo-ergodesign-3.png","width":200,"height":111,"caption":"Ergo Design"},"image":{"@id":"https:\/\/www.ergodesign.nl\/de\/#\/schema\/logo\/image\/"}}]}},"_links":{"self":[{"href":"https:\/\/www.ergodesign.nl\/de\/wp-json\/wp\/v2\/pages\/606","targetHints":{"allow":["GET"]}}],"collection":[{"href":"https:\/\/www.ergodesign.nl\/de\/wp-json\/wp\/v2\/pages"}],"about":[{"href":"https:\/\/www.ergodesign.nl\/de\/wp-json\/wp\/v2\/types\/page"}],"author":[{"embeddable":true,"href":"https:\/\/www.ergodesign.nl\/de\/wp-json\/wp\/v2\/users\/1"}],"replies":[{"embeddable":true,"href":"https:\/\/www.ergodesign.nl\/de\/wp-json\/wp\/v2\/comments?post=606"}],"version-history":[{"count":0,"href":"https:\/\/www.ergodesign.nl\/de\/wp-json\/wp\/v2\/pages\/606\/revisions"}],"up":[{"embeddable":true,"href":"https:\/\/www.ergodesign.nl\/de\/wp-json\/wp\/v2\/pages\/586"}],"wp:attachment":[{"href":"https:\/\/www.ergodesign.nl\/de\/wp-json\/wp\/v2\/media?parent=606"}],"curies":[{"name":"wp","href":"https:\/\/api.w.org\/{rel}","templated":true}]}}